{"id":3,"date":"2025-10-10T10:24:16","date_gmt":"2025-10-10T08:24:16","guid":{"rendered":"http:\/\/vadasmice.sk\/?page_id=3"},"modified":"2026-03-03T20:13:27","modified_gmt":"2026-03-03T19:13:27","slug":"informaciami-o-ochrane-osobnych-udajov","status":"publish","type":"page","link":"https:\/\/vadasmice.sk\/hu\/informaciami-o-ochrane-osobnych-udajov\/","title":{"rendered":"Adatv\u00e9delmi t\u00e1j\u00e9koztat\u00f3"},"content":{"rendered":"<div data-elementor-type=\"wp-page\" data-elementor-id=\"3\" class=\"elementor elementor-3\" data-elementor-post-type=\"page\">\n\t\t\t\t<div class=\"elementor-element elementor-element-ea4eb2d e-flex e-con-boxed e-con e-parent\" data-id=\"ea4eb2d\" data-element_type=\"container\" data-e-type=\"container\">\n\t\t\t\t\t<div class=\"e-con-inner\">\n\t\t\t\t<div class=\"elementor-element elementor-element-6fde5a4 elementor-widget elementor-widget-heading\" data-id=\"6fde5a4\" data-element_type=\"widget\" data-e-type=\"widget\" data-widget_type=\"heading.default\">\n\t\t\t\t\t<h1 class=\"elementor-heading-title elementor-size-default\">Adatv\u00e9delmi t\u00e1j\u00e9koztat\u00f3<\/h1>\t\t\t\t<\/div>\n\t\t\t\t\t<\/div>\n\t\t\t\t<\/div>\n\t\t<div class=\"elementor-element elementor-element-aee954a e-flex e-con-boxed e-con e-parent\" data-id=\"aee954a\" data-element_type=\"container\" data-e-type=\"container\">\n\t\t\t\t\t<div class=\"e-con-inner\">\n\t\t\t\t<div class=\"elementor-element elementor-element-50ffdb9 elementor-widget elementor-widget-text-editor\" data-id=\"50ffdb9\" data-element_type=\"widget\" data-e-type=\"widget\" data-widget_type=\"text-editor.default\">\n\t\t\t\t\t\t\t\t\t<p><strong>Z\u00e1sady ochrany osobn\u00fdch \u00fadajov v zmysle z\u00e1kona \u010d. 18\/2018 Z.z. (\u010falej len Z\u00e1sady\u201c) na \u00fa\u010dely marketingu, poskytovania ubytovania a s ubytovan\u00edm s\u00favisiacich slu\u017eieb<\/strong><\/p>\n<p><strong>Prev\u00e1dzkovate\u013e \u00fadajov<\/strong><br \/>Vada\u0161 s.r.o. \u0160t\u00farovo<\/p>\n<p><strong>Sprostredkovate\u013e<\/strong><br \/>TRUSTSOLUTIONS s.r.o., I\u010cO:44414196, Bratislava<\/p>\n<p>Zav\u00e4zujeme sa chr\u00e1ni\u0165 a re\u0161pektova\u0165 Va\u0161e s\u00fakromie. Z d\u00f4vodu novej legislat\u00edvy a v s\u00falade s aktu\u00e1lnymi predpismi v oblasti ochrany osobn\u00fdch \u00fadajov, V\u00e1m zasielame k aktualiz\u00e1cii na\u0161ej datab\u00e1zy formul\u00e1r k udeleniu s\u00fahlasu na sprac\u00favanie osobn\u00fdch \u00fadajov. Z\u00e1sady ochrany osobn\u00fdch \u00fadajov poskytuj\u00fa inform\u00e1cie, \u00fa\u010del a podmienky, za ktor\u00fdch s\u00fa osobn\u00e9 \u00fadaje dotknut\u00fdch os\u00f4b \u2013 klientov sprac\u00favan\u00e9.<\/p>\n<p><strong>\u00da\u010del sprac\u00favania osobn\u00fdch \u00fadajov<\/strong><br \/>Osobn\u00e9 \u00fadaje, na z\u00e1klade V\u00e1\u0161ho s\u00fahlasu, bud\u00fa pou\u017eit\u00e9 na \u00fa\u010del zasielania e-Newslettra \u2013 o poskytovan\u00fdch novink\u00e1ch, r\u00f4znych informa\u010dn\u00fdch materi\u00e1lov a akciov\u00fdch ponuk\u00e1ch Term\u00e1lneho k\u00fapaliska; Wellness Hotela Thermal . V\u00e1\u0161 s\u00fahlas je udelen\u00fd v\u00fdlu\u010dne na uveden\u00fd \u00fa\u010del.<\/p>\n<p><strong>Rozsah sprac\u00favania osobn\u00fdch \u00fadajov<\/strong><br \/>Budeme ma\u0165 v na\u0161ej datab\u00e1ze kontakty k zasielaniu e-Newslettrov s osobn\u00fdmi \u00fadajmi v rozsahu e-mail, z webovej str\u00e1nky www.www.vadas.sk. Nezhroma\u017e\u010fujeme ani nespracov\u00e1vame \u017eiadne citliv\u00e9 osobn\u00e9 \u00fadaje, podmienky sprac\u00favania osobn\u00fdch \u00fadajov ustanovuj\u00fa v\u0161eobecn\u00e9 z\u00e1v\u00e4zn\u00e9 pr\u00e1vne predpisy a prev\u00e1dzkovate\u013e aj sprostredkovate\u013e sa nimi riadia a dodr\u017euj\u00fa podmienky ochrany osobn\u00fdch \u00fadajov v zmysle z\u00e1kona \u010d. 18\/2018 Z.z.<\/p>\n<p><strong>Pr\u00e1vny z\u00e1klad sprac\u00favania<\/strong><br \/>Zhroma\u017e\u010fovanie osobn\u00fdch \u00fadajov sa uskuto\u010dn\u00ed v\u00fdlu\u010dne na z\u00e1klade s\u00fahlasu dotknutej osoby pou\u017eit\u00edm Aktualiza\u010dn\u00e9ho formul\u00e1ra, ktor\u00fd uchov\u00e1va dokument\u00e1ciu t\u00fdkaj\u00facu sa s\u00fahlasu dan\u00e9ho jednotlivca.<\/p>\n<p>Svoj s\u00fahlas m\u00f4\u017eete vzia\u0165 kedyko\u013evek sp\u00e4\u0165, a to kliknut\u00edm na odkaz na konci newslettra alebo e-mailom na adresu marketing@vadas.sk. Odvolanie s\u00fahlasu nebude ma\u0165 vplyv na z\u00e1konnos\u0165 sprac\u00favania zalo\u017een\u00fd na s\u00fahlase udelenom pred jeho odvolan\u00edm.<\/p>\n<p><strong>Poskytnutie osobn\u00fdch \u00fadajov tret\u00edm osob\u00e1m<\/strong><br \/>Bez s\u00fahlasu nebudeme poskytova\u0165 Va\u0161e inform\u00e1cie \u017eiadnym tret\u00edm stran\u00e1m bez v\u00e1\u0161ho s\u00fahlasu, s v\u00fdnimkou:<br \/>Spolupracuj\u00facich poskytovate\u013eov slu\u017eieb, s ktor\u00fdmi budeme ma\u0165 zmluvn\u00fd vz\u0165ah alebo osob\u00e1m, ktor\u00e9 bud\u00fa ma\u0165 so spolo\u010dnos\u0165ou Vada\u0161 s.r.o. pracovnopr\u00e1vny, alebo obdobn\u00fd vz\u0165ah s cie\u013eom poskytn\u00fa\u0165 V\u00e1m reakcie v mene na\u0161ej spolo\u010dnosti.<\/p>\n<p><strong>Spolupr\u00e1ca so sprostredkovate\u013eom<\/strong><br \/>Spolo\u010dnos\u0165 Vada\u0161 s.r.o. \u0160t\u00farovo je zodpovedn\u00e1 za to, \u017ee sprostredkovate\u013e sa zavia\u017ee dodr\u017eiava\u0165 uveden\u00e9 Z\u00e1sady, ako aj pr\u00edslu\u0161n\u00e9 pr\u00e1vne predpisy k zabezpe\u010deniu ochrany osobn\u00fdch \u00fadajov. V pr\u00edpade zmeny sprostredkovate\u013ea bud\u00fa na\u0161i klienti o zmene informovan\u00ed na str\u00e1nke www.www.vadas.sk.<\/p>\n<p>Doba uchov\u00e1vania osobn\u00fdch \u00fadajov a pr\u00e1vo dotknutej osoby<br \/>Osobn\u00e9 \u00fadaje bud\u00fa uchov\u00e1van\u00e9 do doby, k\u00fdm ich poskytovate\u013e \u2013 dotknut\u00e1 osoba neodvol\u00e1 na splnenie \u00fa\u010delu, pre ktor\u00fd boli zhroma\u017eden\u00e9. V pr\u00edpade ak osobn\u00e9 \u00fadaje, ktor\u00e9 sprac\u00favame u\u017e nie s\u00fa potrebn\u00e9, bud\u00fa odstr\u00e1nen\u00e9 bezpe\u010dn\u00fdm sp\u00f4sobom, odstr\u00e1nen\u00edm, anonymizovan\u00edm. Kedyko\u013evek m\u00e1 dotknut\u00e1 osoba pr\u00e1vo po\u017eadova\u0165 od prev\u00e1dzkovate\u013ea, resp. sprostredkovate\u013ea pr\u00edstup k osobn\u00fdm \u00fadajom, ako dotknutej osoby, pr\u00e1vo na ich opravu alebo vymazanie alebo obmedzenie sprac\u00favania, alebo pr\u00e1vo namieta\u0165 proti sprac\u00favaniu.<\/p>\n<p><strong>Pou\u017e\u00edvanie cookies a webov\u00fdch beacons<\/strong><br \/>Na zhroma\u017e\u010fovanie inform\u00e1ci\u00ed po\u010das navig\u00e1cie na www.www.vadas.sk vyu\u017e\u00edvame cookies a webov\u00e9 beacons (\u010falej len \u201enaviga\u010dn\u00e9 inform\u00e1cie o webov\u00fdch str\u00e1nkach\u201c). Webov\u00e9 naviga\u010dn\u00e9 inform\u00e1cie obsahuj\u00fa \u0161tandardn\u00e9 inform\u00e1cie z webov\u00e9ho prehliada\u010da, ako napr\u00edklad typ prehliada\u010da; adresu IP (\u201eIP\u201c) a akcie, ktor\u00e9 vykon\u00e1vate na www.www.vadas.sk, ako s\u00fa zobrazen\u00e9 webov\u00e9 podstr\u00e1nky a kliknutia na odkazy. Tieto inform\u00e1cie sl\u00fa\u017eia na efekt\u00edvnej\u0161ie fungovanie www.www.vadas.sk, ako aj na zbieranie \u0161tatistick\u00fdch inform\u00e1ci\u00ed a zhroma\u017e\u010fovanie tak\u00fdchto osobn\u00fdch \u00fadajov ako typu prehliada\u010da a opera\u010dn\u00e9ho syst\u00e9mu, odkazuj\u00facej str\u00e1nky, cesty cez str\u00e1nky, dom\u00e9ny ISP , at\u010f., sl\u00fa\u017ei len na na inform\u00e1ciu, ako n\u00e1v\u0161tevn\u00edci pou\u017e\u00edvaj\u00fa www.www.vadas.sk. Cookies a podobn\u00e9 technol\u00f3gie pom\u00e1haj\u00fa prisp\u00f4sobi\u0165 internetov\u00fa str\u00e1nku klientsk\u00fdm preferenci\u00e1m, postupom a potreb\u00e1m, ako aj odhali\u0165 a predch\u00e1dza\u0165 bezpe\u010dnostn\u00fdm hrozb\u00e1m a zneu\u017eitiu. Pou\u017e\u00edvan\u00e9 samostatne, cookies a webov\u00e9 beacons V\u00e1s osobne neidentifikuj\u00fa.<\/p>\n<p>Vyhradzujeme si pr\u00e1vo kedyko\u013evek Z\u00e1sady zmeni\u0165. Aktu\u00e1lna verzia bude v\u017edy dostupn\u00e1 na www.www.vadas.sk\/zasady-spracovania-osobnych-udajov\/. Je vhodn\u00e9 ak si dotknut\u00e9 fyzick\u00e9 osoby -klienti Z\u00e1sady z \u010dasu na\u010das skontroluj\u00fa, aj z d\u00f4vodu informovanosti o zmen\u00e1ch , v pr\u00edpade podstatn\u00fdch zmien v z\u00e1sad\u00e1ch, V\u00e1s budeme informova\u0165 e-mailom, uverejn\u00edm ozn\u00e1menia na http:\/\/www.www.vadas.sk\/zasady-spracovania-osobnych-udajov\/ predt\u00fdm, ako bude zmena realizovan\u00e1 z na\u0161ej strany.<br \/>Zverejnen\u00e9 na str\u00e1nke www.www.vadas.sk d\u0148a 21. 05. 2018.<\/p>\n<p><strong>On-line predaj vstupeniek a ubytovania:<\/strong><br \/>V Spolo\u010dnosti VADA\u0160 s.r.o. \u0160t\u00farovo, je dodr\u017eiavanie z\u00e1sad a pravidiel ochrany osobn\u00fdch \u00fadajov s\u00fa\u010das\u0165ou pracovn\u00fdch povinnost\u00ed na v\u0161etk\u00fdch stup\u0148och riadenia spolo\u010dnosti a integrovanou s\u00fa\u010das\u0165ou v\u0161etk\u00fdch aktiv\u00edt spolo\u010dnosti. Ochrana osobn\u00fdch \u00fadajov nie je obmedzen\u00e1 len na informa\u010dn\u00e9 syst\u00e9my, zabezpe\u010duje ochranu v\u0161etk\u00fdch akt\u00edv v spolo\u010dnosti.<\/p>\n<p>Osobn\u00e9 \u00fadaje s\u00fa sprac\u00favan\u00e9 v nevyhnutnom rozsahu na dosiahnutie \u00fa\u010delu: internetov\u00fd predaj vstupeniek, on-line ubytovanie, a marketingov\u00e1 \u010dinnos\u0165 spolo\u010dnosti Vada\u0161 s.r.o.<br \/>Rozsah osobn\u00fdch \u00fadajov sprac\u00favan\u00fdch na marketingov\u00e9 \u00fa\u010dely obsahuje: meno a priezvisko, emailov\u00fa adresu, na on-line n\u00e1kup: meno a priezvisko, bydlisko, emailov\u00e1 adresu, faktura\u010dn\u00e9 \u00fadaje. Fyzick\u00e1 osoba \u2013 kupuj\u00faci, ktor\u00fd vyu\u017e\u00edva slu\u017ebu on-line n\u00e1kupu vstupenky a ubytovania, m\u00f4\u017ee dobrovo\u013ene udeli\u0165 spolo\u010dnosti VADA\u0160 s.r.o. s\u00fahlas, aby poskytnut\u00e9 osobn\u00e9 \u00fadaje vyu\u017e\u00edvala vo svojich marketingov\u00fdch aktivit\u00e1ch, tieto spo\u010d\u00edvaj\u00fa najm\u00e4 v zasielan\u00ed obchodn\u00fdch a reklamn\u00fdch materi\u00e1lov (tzv. newsletterov) t\u00fdkaj\u00facich sa slu\u017eieb a pon\u00fak poskytovan\u00fdch spolo\u010dnos\u0165ou VADA\u0160 elektronickou formou spr\u00e1v, pri\u010dom kupuj\u00faci je opr\u00e1vnen\u00fd udelen\u00fd s\u00fahlas kedyko\u013evek odvola\u0165 priamo v newslettri.<\/p>\n<p>Udelen\u00edm s\u00fahlasu so sprac\u00favan\u00edm osobn\u00fdch \u00fadajov kupuj\u00faci z\u00e1rove\u0148 potvrdzuje, \u017ee bol informovan\u00fd o \u00fa\u010dele a o svojich pr\u00e1vach uveden\u00fdch v Z\u00e1sad\u00e1ch o ochrane osobn\u00fdch \u00fadajov spracovan\u00fdch v zmysle z\u00e1kona \u010d.18\/2018 Z.z, ako aj v z\u00e1kone \u010d. 40\/1964 Zb. Ob\u010dianskom z\u00e1konn\u00edku v znen\u00ed neskor\u0161\u00edch predpisov.<\/p>\n<p>VADA\u0160 s.r.o. v r\u00e1mci \u010dinnosti spojenou s internetovou str\u00e1nkou www.www.vadas.sk a internetov\u00fdm n\u00e1kupom spolupracuje so spolo\u010dnos\u0165ami, ktor\u00e9 mu poskytuj\u00fa r\u00f4zne slu\u017eby. Tieto spolo\u010dnosti, ak s\u00fa na to opr\u00e1vnen\u00e9, m\u00f4\u017eu naklada\u0165 s osobn\u00fdmi \u00fadajmi kupuj\u00faceho v rozsahu potrebn\u00e9ho pri plnen\u00ed svojich povinnost\u00ed vo\u010di VADA\u0160 s.r.o. a nesm\u00fa ich pou\u017ei\u0165 na in\u00fd \u00fa\u010del. VADA\u0160 s.r.o. nespr\u00edstup\u0148uje, nezverej\u0148uje a neposkytuje osobn\u00e9 \u00fadaje ak\u00fdmko\u013evek in\u00fdm tret\u00edm osob\u00e1m. VADA\u0160 s.r.o. si vyhradzuje pr\u00e1vo spr\u00edstupni\u0165 a poskytn\u00fa\u0165 \u00fadaje k naplneniu svojich z\u00e1konn\u00fdch povinnost\u00ed, k ochrane proti konaniu, ktor\u00e9 poru\u0161uje pr\u00e1vne predpisy, k ochrane integrity siete alebo na \u00fa\u010dely postupu org\u00e1nov \u010dinn\u00fdch v trestnom konan\u00ed, s\u00fadneho konania alebo vy\u0161etrovania vo verejnom z\u00e1ujme.<\/p>\n<p>Are\u00e1l, do ktor\u00e9ho kupuj\u00faci kupuje vstupenku on-line (VADA\u0160 Thermal Resort \u0160t\u00farovo) je priestor verejnosti pr\u00edstupn\u00fd za splnenia ur\u010dit\u00fdch podmienok (zaplatenie vstupn\u00e9ho). Na z\u00e1klade ustanoven\u00ed \u00a7 12, odsek 2 a 3 z\u00e1kona \u010d. 40\/1964 Zb. Ob\u010dianskeho z\u00e1konn\u00edka v znen\u00ed neskor\u0161\u00edch predpisov, m\u00f4\u017ee spolo\u010dnos\u0165 VADA\u0160 s.r.o. vyhotovova\u0165 obrazov\u00e9 sn\u00edmky alebo obrazovo zvukov\u00e9 z\u00e1znamy na r\u00f4zne \u00fa\u010dely (marketingov\u00e9, reklamn\u00e9). Pri vyhotovovan\u00ed tak\u00e9hoto z\u00e1znamu spolo\u010dnos\u0165 VADA\u0160 s.r.o. prihliada na opr\u00e1vnen\u00e9 z\u00e1ujmy dotknut\u00fdch fyzick\u00fdch os\u00f4b a db\u00e1 na \u010do najmen\u0161iu mo\u017en\u00fa mieru z\u00e1sahu do ich s\u00fakromia. Ak dotknut\u00e1 osoba nes\u00fahlas\u00ed s vyhotoven\u00fdm obrazov\u00fdm, zvukov\u00fdm z\u00e1znamom, m\u00f4\u017ee ho kedyko\u013evek odvola\u0165 s nahl\u00e1sen\u00edm na adrese: marketing@vadas.sk.<\/p>\n<p><strong>Politika ochrany osobn\u00fdch \u00fadajov.<\/strong><br \/><strong>Prev\u00e1dzkovate\u013e<\/strong>: Spolo\u010dnos\u0165 VADA\u0160 s.r.o. \u0160t\u00farovo, I\u010cO: 341 36215, DI\u010c: 2020416068<br \/><strong>Zast\u00fapen\u00fd<\/strong>: Ing. Endre Hogenbuch, konate\u013e spolo\u010dnosti<br \/>Prev\u00e1dzkovate\u013e m\u00e1 na zabezpe\u010denie ochrany osobn\u00fdch \u00fadajov vymenovan\u00fa zodpovedn\u00fa osobu, ktor\u00fa je mo\u017en\u00e9 kontaktova\u0165 na emailovej adrese: ochrana.ou@vadas.sk<br \/>Zav\u00e4zujeme sa chr\u00e1ni\u0165 a re\u0161pektova\u0165 Va\u0161e s\u00fakromie . Prev\u00e1dzkovate\u013e vykon\u00e1va sprac\u00favanie osobn\u00fdch \u00fadajov prijat\u00edm primeran\u00fdch bezpe\u010dnostn\u00fdch opatren\u00ed technick\u00fdch aj organiza\u010dn\u00fdch v zmysle spracovanej bezpe\u010dnostnej dokument\u00e1cie spolo\u010dnosti, ktorou je \u201cBezpe\u010dnostn\u00fd projekt\u201c, ktor\u00fd je spracovan\u00fd v s\u00falade so v\u0161eobecne z\u00e1v\u00e4zn\u00fdmi pr\u00e1vnymi predpismi Slovenskej republiky, najm\u00e4 v s\u00falade so z\u00e1konom \u010d. 18\/2018 Z.z. o ochrane osobn\u00fdch \u00fadajov.<br \/>Prev\u00e1dzkovate\u013e t\u00fdmto vyhlasuje, \u017ee na sprac\u00favanie osobn\u00fdch \u00fadajov m\u00e1 potrebn\u00fa odborn\u00fa, technick\u00fa, organiza\u010dn\u00fa a person\u00e1lnu sp\u00f4sobilos\u0165 a zaru\u010duje sa za bezpe\u010dnos\u0165 sprac\u00favan\u00fdch osobn\u00fdch \u00fadajov opatreniami v zmysle Z\u00e1kona \u010d. 18\/2018 Z. z.<br \/>Prev\u00e1dzkovate\u013e a aj n\u00edm poveren\u00ed Sprostredkovatelia (n\u00e1jomcovia, spr\u00e1vcovia IT, vi\u010f. zoznam sprostredkovate\u013eov uveden\u00fd ni\u017e\u0161ie) t\u00fdmto oznamuj\u00fa v\u0161etk\u00fdm dotknut\u00fdm osob\u00e1m, ktor\u00fdmi s\u00fa ubytovan\u00ed hostia, n\u00e1v\u0161tevn\u00edci a klienti, \u017ee be\u017en\u00e9 osobn\u00e9 \u00fadaje (meno, priezvisko, bydlisko, \u010d.OP, pasu, kontakt), ktor\u00e9 poskytuj\u00fa s\u00fa sprac\u00favan\u00e9 na presne vymedzen\u00fd alebo ustanoven\u00fd \u00fa\u010del: poskytovanie ubytovania a slu\u017eieb s\u00favisiacich s ubytovan\u00edm, so zabezpe\u010den\u00edm pr\u00e1v a pr\u00e1vom chr\u00e1nen\u00fdch z\u00e1ujmov. Prev\u00e1dzkovate\u013e ani Sprostredkovate\u013e nesprac\u00favaj\u00fa osobitn\u00e9 kateg\u00f3rie osobn\u00fdch \u00fadajov.<br \/>Prev\u00e1dzkovate\u013e vyhlasuje, \u017ee pri v\u00fdbere sprostredkovate\u013ea dbal na jeho odborn\u00fa, technick\u00fa, organiza\u010dn\u00fa a person\u00e1lnu sp\u00f4sobilos\u0165 a jeho schopnos\u0165 zaru\u010di\u0165 bezpe\u010dnos\u0165 sprac\u00favan\u00fdch osobn\u00fdch \u00fadajov v s\u00falade s opatreniami pod\u013ea z\u00e1kona \u010d.18\/2018 Z. z. o ochrane osobn\u00fdch \u00fadajov.<\/p>\n<p>Are\u00e1l spolo\u010dnosti je monitorovan\u00fd kamerov\u00fdm syst\u00e9mom na \u00fa\u010dely ochrany zdravia a bezpe\u010dnosti, ochrany majetku a finan\u010dn\u00fdch z\u00e1ujmov prev\u00e1dzkovate\u013ea. Z\u00e1znamy z kamier nie s\u00fa spr\u00edstupnen\u00e9, poskytuj\u00fa sa v\u00fdlu\u010dne org\u00e1nom \u010dinn\u00fdm v trestnom konan\u00ed. Opr\u00e1vnen\u00e9 osoby s\u00fa na sprac\u00favanie osobn\u00fdch \u00fadajov riadne pou\u010den\u00e9 v zmysle z\u00e1kona o ochrane osobn\u00fdch \u00fadajov a pr\u00edslu\u0161n\u00fdch pr\u00e1vnych predpisov. Z\u00e1znamy s\u00fa vyhotovovan\u00e9 tak, aby chr\u00e1nili v \u010do najv\u00e4\u010d\u0161ej mo\u017enej miere s\u00fakromie dotknut\u00fdch os\u00f4b.<\/p>\t\t\t\t\t\t\t\t<\/div>\n\t\t\t\t\t<\/div>\n\t\t\t\t<\/div>\n\t\t\t\t<\/div>","protected":false},"excerpt":{"rendered":"<p>Inform\u00e1ciami o ochrane osobn\u00fdch \u00fadajov Z\u00e1sady ochrany osobn\u00fdch \u00fadajov v zmysle z\u00e1kona \u010d. 18\/2018 Z.z. (\u010falej len Z\u00e1sady\u201c) na \u00fa\u010dely marketingu, poskytovania ubytovania a s ubytovan\u00edm s\u00favisiacich slu\u017eieb Prev\u00e1dzkovate\u013e \u00fadajovVada\u0161 s.r.o. \u0160t\u00farovo Sprostredkovate\u013eTRUSTSOLUTIONS s.r.o., I\u010cO:44414196, Bratislava Zav\u00e4zujeme sa chr\u00e1ni\u0165 a re\u0161pektova\u0165 Va\u0161e s\u00fakromie. Z d\u00f4vodu novej legislat\u00edvy a v s\u00falade s aktu\u00e1lnymi predpismi v oblasti [&hellip;]<\/p>\n","protected":false},"author":4,"featured_media":0,"parent":0,"menu_order":0,"comment_status":"closed","ping_status":"closed","template":"","meta":{"footnotes":""},"class_list":["post-3","page","type-page","status-publish","hentry"],"_links":{"self":[{"href":"https:\/\/vadasmice.sk\/hu\/wp-json\/wp\/v2\/pages\/3","targetHints":{"allow":["GET"]}}],"collection":[{"href":"https:\/\/vadasmice.sk\/hu\/wp-json\/wp\/v2\/pages"}],"about":[{"href":"https:\/\/vadasmice.sk\/hu\/wp-json\/wp\/v2\/types\/page"}],"author":[{"embeddable":true,"href":"https:\/\/vadasmice.sk\/hu\/wp-json\/wp\/v2\/users\/4"}],"replies":[{"embeddable":true,"href":"https:\/\/vadasmice.sk\/hu\/wp-json\/wp\/v2\/comments?post=3"}],"version-history":[{"count":12,"href":"https:\/\/vadasmice.sk\/hu\/wp-json\/wp\/v2\/pages\/3\/revisions"}],"predecessor-version":[{"id":1313,"href":"https:\/\/vadasmice.sk\/hu\/wp-json\/wp\/v2\/pages\/3\/revisions\/1313"}],"wp:attachment":[{"href":"https:\/\/vadasmice.sk\/hu\/wp-json\/wp\/v2\/media?parent=3"}],"curies":[{"name":"wp","href":"https:\/\/api.w.org\/{rel}","templated":true}]}}