{"id":571,"date":"2025-10-13T12:07:51","date_gmt":"2025-10-13T10:07:51","guid":{"rendered":"https:\/\/vadasmice.sk\/?page_id=571"},"modified":"2026-03-03T20:42:59","modified_gmt":"2026-03-03T19:42:59","slug":"miert-parkany","status":"publish","type":"page","link":"https:\/\/vadasmice.sk\/hu\/preco-sturovo\/","title":{"rendered":"Mi\u00e9rt P\u00e1rk\u00e1ny?"},"content":{"rendered":"<div data-elementor-type=\"wp-page\" data-elementor-id=\"571\" class=\"elementor elementor-571\" data-elementor-post-type=\"page\">\n\t\t\t\t<div class=\"elementor-element elementor-element-c28efd0 e-flex e-con-boxed e-con e-parent\" data-id=\"c28efd0\" data-element_type=\"container\" data-e-type=\"container\" data-settings=\"{&quot;background_background&quot;:&quot;classic&quot;}\">\n\t\t\t\t\t<div class=\"e-con-inner\">\n\t\t\t\t\t<\/div>\n\t\t\t\t<\/div>\n\t\t<div class=\"elementor-element elementor-element-a6b998b e-flex e-con-boxed e-con e-parent\" data-id=\"a6b998b\" data-element_type=\"container\" data-e-type=\"container\">\n\t\t\t\t\t<div class=\"e-con-inner\">\n\t\t\t\t<div class=\"elementor-element elementor-element-785f8bb elementor-widget elementor-widget-heading\" data-id=\"785f8bb\" data-element_type=\"widget\" data-e-type=\"widget\" data-widget_type=\"heading.default\">\n\t\t\t\t\t<h1 class=\"elementor-heading-title elementor-size-default\">Mi\u00e9rt P\u00e1rk\u00e1ny?<\/h1>\t\t\t\t<\/div>\n\t\t\t\t\t<\/div>\n\t\t\t\t<\/div>\n\t\t<div class=\"elementor-element elementor-element-52b3cb0 e-flex e-con-boxed e-con e-parent\" data-id=\"52b3cb0\" data-element_type=\"container\" data-e-type=\"container\">\n\t\t\t\t\t<div class=\"e-con-inner\">\n\t\t\t\t<div class=\"elementor-element elementor-element-af718f1 elementor-widget elementor-widget-text-editor\" data-id=\"af718f1\" data-element_type=\"widget\" data-e-type=\"widget\" data-widget_type=\"text-editor.default\">\n\t\t\t\t\t\t\t\t\t<p><span style=\"font-weight: 400;\">K\u00e9pzelj el egy helyet, ahol a Duna partj\u00e1nak nyugalma, a t\u00f6rt\u00e9nelem patin\u00e1ja \u00e9s a modern rendezv\u00e9nyhelysz\u00ednek k\u00e9nyelme egyetlen inspir\u00e1l\u00f3 desztin\u00e1ci\u00f3ban tal\u00e1lkozik. P\u00e1rk\u00e1ny (\u0160t\u00farovo) pontosan ilyen: egy k\u00fcl\u00f6nleges hangulat\u00fa v\u00e1ros, ahol a hat\u00e1r k\u00e9t oldala sz\u00f3 szerint karny\u00fajt\u00e1snyira van egym\u00e1st\u00f3l \u2013 \u00e9s ahol a rendezv\u00e9nyek \u00e9lm\u00e9nny\u00e9 v\u00e1lnak.<\/span><\/p><p class=\"translation-block\">A v\u00e1ros k\u00f6zpontj\u00e1ban tal\u00e1lhat\u00f3 <strong>Vadas Thermal Resort<\/strong> a t\u00e9rs\u00e9g MICE k\u00edn\u00e1lat\u00e1nak sz\u00edve.A magas sz\u00ednvonal\u00fa sz\u00e1ll\u00e1skapacit\u00e1s, a kiv\u00e1l\u00f3 konferencia- \u00e9s rendezv\u00e9nytermek, a wellness \u00e9s szabadid\u0151s lehet\u0151s\u00e9gek, valamint a Duna-part k\u00f6zels\u00e9ge mind adottak ahhoz, hogy egy esem\u00e9ny egyszerre legyen <strong>professzion\u00e1lis \u00e9s eml\u00e9kezetes.<\/strong> Ak\u00e1r t\u00f6bbnapos konferenci\u00e1r\u00f3l, tr\u00e9ningr\u0151l vagy exkluz\u00edv csapat\u00e9p\u00edt\u00e9sr\u0151l van sz\u00f3, a Vadas komplexum minden sz\u00fcks\u00e9ges h\u00e1tteret biztos\u00edt \u2013 egyetlen helysz\u00ednen.<\/p><p><strong>P\u00e1rk\u00e1ny \u00e9s k\u00f6rny\u00e9ke r\u00e1ad\u00e1sul igazi felfedezetlen MICE helysz\u00edn:<\/strong><\/p><ul><li><b>Ch\u00e2teau Bel\u00e1<\/b><span style=\"font-weight: 400;\"> eleg\u00e1ns kast\u00e9lyk\u00f6rnyezetben v\u00e1rja vend\u00e9geit, ahol a t\u00f6rt\u00e9nelmi hangulat \u00e9s a pr\u00e9mium borok k\u00fcl\u00f6nleges \u00e9lm\u00e9nyt ny\u00fajtanak. Ide\u00e1lis v\u00e1laszt\u00e1s vezetett kast\u00e9lyt\u00far\u00e1khoz vagy exkluz\u00edv bork\u00f3stol\u00f3khoz.<\/span><\/li><li><b>Vil\u00e1gi Winery<\/b><span style=\"font-weight: 400;\"> modern bor\u00e1szat a Duna ment\u00e9n, ahol a bor- \u00e9s gasztro\u00e9lm\u00e9ny k\u00f6nnyed\u00e9n v\u00e1lik csapat\u00e9p\u00edt\u0151 programm\u00e1 vagy incentive esem\u00e9nny\u00e9. R\u00e1ad\u00e1sul 2025-ben Magyarorsz\u00e1g legszebb sz\u0151l\u0151birtoka a hat\u00e1ron t\u00fali bor\u00e1szatok k\u00f6z\u00f6tt c\u00edmet is nyert.<\/span><\/li><li><b>G\u00f3ra Farm<\/b> autentikus vid\u00e9ki helysz\u00edn, ahol a term\u00e9szetk\u00f6zelis\u00e9g \u00e9s a szabads\u00e1g \u00e9rz\u00e9se teszi felejthetetlenn\u00e9 a csapatprogramokat.<\/li><\/ul><p>\u00a0<\/p><p class=\"translation-block\">\u00c9s ha mindez nem lenne el\u00e9g\u2026 csak egy r\u00f6vid s\u00e9ta a h\u00eddon, \u00e9s m\u00e1ris ott tal\u00e1ljuk magunkat <strong>Esztergomban<\/strong>, ahol a Bazilika grandi\u00f3zus l\u00e1tv\u00e1nya szinte \u201er\u00e1kacsint\u201d P\u00e1rk\u00e1nyra. Igen, itt t\u00e9nyleg elmondhatod a r\u00e9sztvev\u0151knek: a konferencia v\u00e9g\u00e9n s\u00e9t\u00e1ljatok \u00e1t egy m\u00e1sik orsz\u00e1gba.<\/p><p><span style=\"font-weight: 400;\">P\u00e1rk\u00e1ny \u00edgy egyszerre adja meg a nagyv\u00e1rosi rendezv\u00e9nykomfortot \u00e9s a k\u00fcl\u00f6nleges \u00e9lm\u00e9nydesztin\u00e1ci\u00f3 erej\u00e9t \u2014 a Vadas Thermal Resort k\u00f6zponti szerep\u00e9vel, pr\u00e9mium helysz\u00ednekkel \u00e9s felejthetetlen k\u00f6rnyezettel.<\/span><\/p>\t\t\t\t\t\t\t\t<\/div>\n\t\t\t\t\t<\/div>\n\t\t\t\t<\/div>\n\t\t\t\t<\/div>","protected":false},"excerpt":{"rendered":"<p>Pre\u010do \u0160t\u00farovo? Predstav si miesto, kde sa pokoj dunajsk\u00e9ho n\u00e1bre\u017eia, patina hist\u00f3rie a komfort eventov\u00fdch priestorov sp\u00e1jaj\u00fa v jednej in\u0161piruj\u00facej destin\u00e1cii. \u0160t\u00farovo je presne tak\u00e9: mesto s atmosf\u00e9rou, kde s\u00fa dve strany hranice doslova na dosah ruky \u2013 a kde sa podujatia menia na z\u00e1\u017eitok. Vadas Thermal Resort v centre mesta je srdcom MICE ponuky [&hellip;]<\/p>\n","protected":false},"author":4,"featured_media":0,"parent":0,"menu_order":0,"comment_status":"closed","ping_status":"closed","template":"","meta":{"footnotes":""},"class_list":["post-571","page","type-page","status-publish","hentry"],"_links":{"self":[{"href":"https:\/\/vadasmice.sk\/hu\/wp-json\/wp\/v2\/pages\/571","targetHints":{"allow":["GET"]}}],"collection":[{"href":"https:\/\/vadasmice.sk\/hu\/wp-json\/wp\/v2\/pages"}],"about":[{"href":"https:\/\/vadasmice.sk\/hu\/wp-json\/wp\/v2\/types\/page"}],"author":[{"embeddable":true,"href":"https:\/\/vadasmice.sk\/hu\/wp-json\/wp\/v2\/users\/4"}],"replies":[{"embeddable":true,"href":"https:\/\/vadasmice.sk\/hu\/wp-json\/wp\/v2\/comments?post=571"}],"version-history":[{"count":38,"href":"https:\/\/vadasmice.sk\/hu\/wp-json\/wp\/v2\/pages\/571\/revisions"}],"predecessor-version":[{"id":1337,"href":"https:\/\/vadasmice.sk\/hu\/wp-json\/wp\/v2\/pages\/571\/revisions\/1337"}],"wp:attachment":[{"href":"https:\/\/vadasmice.sk\/hu\/wp-json\/wp\/v2\/media?parent=571"}],"curies":[{"name":"wp","href":"https:\/\/api.w.org\/{rel}","templated":true}]}}