{"id":589,"date":"2025-10-13T12:15:38","date_gmt":"2025-10-13T10:15:38","guid":{"rendered":"https:\/\/vadasmice.sk\/?page_id=589"},"modified":"2026-04-16T08:41:07","modified_gmt":"2026-04-16T06:41:07","slug":"szallas","status":"publish","type":"page","link":"https:\/\/vadasmice.sk\/hu\/ubytovanie\/","title":{"rendered":"Sz\u00e1ll\u00e1s"},"content":{"rendered":"<div data-elementor-type=\"wp-page\" data-elementor-id=\"589\" class=\"elementor elementor-589\" data-elementor-post-type=\"page\">\n\t\t\t\t<div class=\"elementor-element elementor-element-a6b998b e-flex e-con-boxed e-con e-parent\" data-id=\"a6b998b\" data-element_type=\"container\" data-e-type=\"container\" data-settings=\"{&quot;background_background&quot;:&quot;classic&quot;}\">\n\t\t\t\t\t<div class=\"e-con-inner\">\n\t\t\t\t\t<\/div>\n\t\t\t\t<\/div>\n\t\t<div class=\"elementor-element elementor-element-8ab191e e-flex e-con-boxed e-con e-parent\" data-id=\"8ab191e\" data-element_type=\"container\" data-e-type=\"container\" data-settings=\"{&quot;shape_divider_bottom&quot;:&quot;waves&quot;}\">\n\t\t\t\t\t<div class=\"e-con-inner\">\n\t\t\t\t<div class=\"elementor-shape elementor-shape-bottom\" aria-hidden=\"true\" data-negative=\"false\">\n\t\t\t<svg xmlns=\"http:\/\/www.w3.org\/2000\/svg\" viewbox=\"0 0 1000 100\" preserveaspectratio=\"none\">\n\t<path class=\"elementor-shape-fill\" d=\"M421.9,6.5c22.6-2.5,51.5,0.4,75.5,5.3c23.6,4.9,70.9,23.5,100.5,35.7c75.8,32.2,133.7,44.5,192.6,49.7\tc23.6,2.1,48.7,3.5,103.4-2.5c54.7-6,106.2-25.6,106.2-25.6V0H0v30.3c0,0,72,32.6,158.4,30.5c39.2-0.7,92.8-6.7,134-22.4\tc21.2-8.1,52.2-18.2,79.7-24.2C399.3,7.9,411.6,7.5,421.9,6.5z\"\/>\n<\/svg>\t\t<\/div>\n\t\t\t\t<div class=\"elementor-element elementor-element-785f8bb elementor-widget elementor-widget-heading\" data-id=\"785f8bb\" data-element_type=\"widget\" data-e-type=\"widget\" data-widget_type=\"heading.default\">\n\t\t\t\t\t<h1 class=\"elementor-heading-title elementor-size-default\">Vadas Thermal Resort<\/h1>\t\t\t\t<\/div>\n\t\t\t\t<div class=\"elementor-element elementor-element-196c1cf elementor-widget elementor-widget-text-editor\" data-id=\"196c1cf\" data-element_type=\"widget\" data-e-type=\"widget\" data-widget_type=\"text-editor.default\">\n\t\t\t\t\t\t\t\t\t<p><span style=\"font-weight: 400;\"><strong>A Duna partj\u00e1n, fest\u0151i k\u00f6rnyezetben v\u00e1r a Vadas Thermal Resort<\/strong> - egy hely, ahol a konferenci\u00e1k, tr\u00e9ningek \u00e9s c\u00e9ges esem\u00e9nyek \u00faj szintre l\u00e9pnek. Modern rendezv\u00e9nyhelysz\u00ednek, v\u00e1ltozatos sz\u00e1ll\u00e1skapacit\u00e1s, gasztron\u00f3miai \u00e9lm\u00e9nyek \u00e9s egyed\u00fcl\u00e1ll\u00f3 wellness szolg\u00e1ltat\u00e1sok tal\u00e1lkoznak itt. Fedeszd fel azt a desztin\u00e1ci\u00f3t ahol a munka \u00e9s a feltotod\u00e9s kez a k\u00e9zben j\u00e1r.<\/span><\/p>\t\t\t\t\t\t\t\t<\/div>\n\t\t\t\t\t<\/div>\n\t\t\t\t<\/div>\n\t\t<div class=\"elementor-element elementor-element-6f5a182 e-flex e-con-boxed e-con e-parent\" data-id=\"6f5a182\" data-element_type=\"container\" data-e-type=\"container\" data-settings=\"{&quot;background_background&quot;:&quot;classic&quot;,&quot;shape_divider_bottom&quot;:&quot;waves&quot;}\">\n\t\t\t\t\t<div class=\"e-con-inner\">\n\t\t\t\t<div class=\"elementor-shape elementor-shape-bottom\" aria-hidden=\"true\" data-negative=\"false\">\n\t\t\t<svg xmlns=\"http:\/\/www.w3.org\/2000\/svg\" viewbox=\"0 0 1000 100\" preserveaspectratio=\"none\">\n\t<path class=\"elementor-shape-fill\" d=\"M421.9,6.5c22.6-2.5,51.5,0.4,75.5,5.3c23.6,4.9,70.9,23.5,100.5,35.7c75.8,32.2,133.7,44.5,192.6,49.7\tc23.6,2.1,48.7,3.5,103.4-2.5c54.7-6,106.2-25.6,106.2-25.6V0H0v30.3c0,0,72,32.6,158.4,30.5c39.2-0.7,92.8-6.7,134-22.4\tc21.2-8.1,52.2-18.2,79.7-24.2C399.3,7.9,411.6,7.5,421.9,6.5z\"\/>\n<\/svg>\t\t<\/div>\n\t\t<div class=\"elementor-element elementor-element-25b38b5 e-con-full e-flex e-con e-child\" data-id=\"25b38b5\" data-element_type=\"container\" data-e-type=\"container\">\n\t\t\t\t<div class=\"elementor-element elementor-element-514ef37 elementor-widget elementor-widget-text-editor\" data-id=\"514ef37\" data-element_type=\"widget\" data-e-type=\"widget\" data-widget_type=\"text-editor.default\">\n\t\t\t\t\t\t\t\t\t<p><b>Thermal wellnesshotel - 47 szoba<\/b><\/p>\t\t\t\t\t\t\t\t<\/div>\n\t\t\t\t<div class=\"elementor-element elementor-element-bf623ef elementor-widget elementor-widget-text-editor\" data-id=\"bf623ef\" data-element_type=\"widget\" data-e-type=\"widget\" data-widget_type=\"text-editor.default\">\n\t\t\t\t\t\t\t\t\t<ul><li style=\"font-weight: 400;\" aria-level=\"1\"><b>Apartman:<\/b><span style=\"font-weight: 400;\"> 4<\/span><\/li><li style=\"font-weight: 400;\" aria-level=\"1\"><b>K\u00e9t\u00e1gyas szoba:<\/b><span style=\"font-weight: 400;\"> 9<\/span><\/li><li style=\"font-weight: 400;\" aria-level=\"1\"><b>Trojl\u00f4\u017ekov\u00e1 izba:<\/b><span style=\"font-weight: 400;\"> 22<\/span><\/li><li style=\"font-weight: 400;\" aria-level=\"1\"><b>N\u00e9gy\u00e1gyas szoba:<\/b><span style=\"font-weight: 400;\"> 12<\/span><\/li><\/ul>\t\t\t\t\t\t\t\t<\/div>\n\t\t\t\t<div class=\"elementor-element elementor-element-a23a933 elementor-widget elementor-widget-text-editor\" data-id=\"a23a933\" data-element_type=\"widget\" data-e-type=\"widget\" data-widget_type=\"text-editor.default\">\n\t\t\t\t\t\t\t\t\t<p><span style=\"font-weight: 400;\"><strong>Felszerelts\u00e9g minden szob\u00e1ban:<\/strong> saj\u00e1t f\u00fcrd\u0151szoba, LCD telev\u00edzi\u00f3, szobasz\u00e9f, h\u0171t\u0151szekr\u00e9ny.<\/span><\/p><p><span style=\"font-weight: 400;\"><strong>Wi-Fi<\/strong> - a sz\u00e1lod\u00e1ban ingyenes internet el\u00e9r\u00e9s biztos\u00edtott.<\/span><\/p>\t\t\t\t\t\t\t\t<\/div>\n\t\t\t\t<div class=\"elementor-element elementor-element-d9e2d96 elementor-widget elementor-widget-image\" data-id=\"d9e2d96\" data-element_type=\"widget\" data-e-type=\"widget\" data-widget_type=\"image.default\">\n\t\t\t\t\t\t\t\t\t\t\t\t\t\t\t\t<a href=\"https:\/\/vadasmice.sk\/wp-content\/uploads\/2025\/10\/Thermal-szoba.png\" data-elementor-open-lightbox=\"yes\" data-e-action-hash=\"#elementor-action%3Aaction%3Dlightbox%26settings%3DeyJpZCI6MTAxOCwidXJsIjoiaHR0cHM6XC9cL3ZhZGFzbWljZS5za1wvd3AtY29udGVudFwvdXBsb2Fkc1wvMjAyNVwvMTBcL1RoZXJtYWwtc3pvYmEucG5nIn0%3D\">\n\t\t\t\t\t\t\t<img fetchpriority=\"high\" decoding=\"async\" width=\"900\" height=\"600\" src=\"https:\/\/vadasmice.sk\/wp-content\/uploads\/2025\/10\/Thermal-szoba.png\" class=\"attachment-full size-full wp-image-1018\" alt=\"\" srcset=\"https:\/\/vadasmice.sk\/wp-content\/uploads\/2025\/10\/Thermal-szoba.png 900w, https:\/\/vadasmice.sk\/wp-content\/uploads\/2025\/10\/Thermal-szoba-700x467.png 700w, https:\/\/vadasmice.sk\/wp-content\/uploads\/2025\/10\/Thermal-szoba-768x512.png 768w\" sizes=\"(max-width: 900px) 100vw, 900px\" \/>\t\t\t\t\t\t\t\t<\/a>\n\t\t\t\t\t\t\t\t\t\t\t\t\t\t\t<\/div>\n\t\t\t\t<\/div>\n\t\t<div class=\"elementor-element elementor-element-87329ef e-con-full e-flex e-con e-child\" data-id=\"87329ef\" data-element_type=\"container\" data-e-type=\"container\" data-settings=\"{&quot;background_background&quot;:&quot;classic&quot;}\">\n\t\t\t\t<div class=\"elementor-element elementor-element-bf9739d elementor-widget elementor-widget-text-editor\" data-id=\"bf9739d\" data-element_type=\"widget\" data-e-type=\"widget\" data-widget_type=\"text-editor.default\">\n\t\t\t\t\t\t\t\t\t<p><b>Westend apartmanok - 42 apartman<\/b><\/p>\t\t\t\t\t\t\t\t<\/div>\n\t\t\t\t<div class=\"elementor-element elementor-element-a273e7d elementor-widget elementor-widget-text-editor\" data-id=\"a273e7d\" data-element_type=\"widget\" data-e-type=\"widget\" data-widget_type=\"text-editor.default\">\n\t\t\t\t\t\t\t\t\t<ul><li style=\"font-weight: 400;\" aria-level=\"1\"><span style=\"font-weight: 400;\"><strong>3+1 \u00e1gyas apartman:<\/strong> 24<\/span><\/li><li style=\"font-weight: 400;\" aria-level=\"1\"><span style=\"font-weight: 400;\"><strong>K\u00e9tszob\u00e1s, 4 szem\u00e9lyes apartman:<\/strong> 18<\/span><\/li><\/ul>\t\t\t\t\t\t\t\t<\/div>\n\t\t\t\t<div class=\"elementor-element elementor-element-a73afee elementor-widget elementor-widget-text-editor\" data-id=\"a73afee\" data-element_type=\"widget\" data-e-type=\"widget\" data-widget_type=\"text-editor.default\">\n\t\t\t\t\t\t\t\t\t<p><span style=\"font-weight: 400;\"><strong>Felszerelts\u00e9g minden apartmanban:<\/strong> nappali (h\u00e1l\u00f3szob\u00e1val), felszerelt konyha, f\u00fcrd\u0151szoba.<\/span><\/p><p><span style=\"font-weight: 400;\">Wifi- az apartmanokban ingyenes, internet el\u00e9r\u00e9s biztos\u00edtva. <\/span><\/p>\t\t\t\t\t\t\t\t<\/div>\n\t\t\t\t<div class=\"elementor-element elementor-element-5a8c6fa elementor-widget elementor-widget-image\" data-id=\"5a8c6fa\" data-element_type=\"widget\" data-e-type=\"widget\" data-widget_type=\"image.default\">\n\t\t\t\t\t\t\t\t\t\t\t\t\t\t\t\t<a href=\"https:\/\/vadasmice.sk\/wp-content\/uploads\/2025\/10\/Westend-apartmanok.png\" data-elementor-open-lightbox=\"yes\" data-e-action-hash=\"#elementor-action%3Aaction%3Dlightbox%26settings%3DeyJpZCI6MTAxOSwidXJsIjoiaHR0cHM6XC9cL3ZhZGFzbWljZS5za1wvd3AtY29udGVudFwvdXBsb2Fkc1wvMjAyNVwvMTBcL1dlc3RlbmQtYXBhcnRtYW5vay5wbmcifQ%3D%3D\">\n\t\t\t\t\t\t\t<img decoding=\"async\" width=\"900\" height=\"600\" src=\"https:\/\/vadasmice.sk\/wp-content\/uploads\/2025\/10\/Westend-apartmanok.png\" class=\"attachment-full size-full wp-image-1019\" alt=\"\" srcset=\"https:\/\/vadasmice.sk\/wp-content\/uploads\/2025\/10\/Westend-apartmanok.png 900w, https:\/\/vadasmice.sk\/wp-content\/uploads\/2025\/10\/Westend-apartmanok-700x467.png 700w, https:\/\/vadasmice.sk\/wp-content\/uploads\/2025\/10\/Westend-apartmanok-768x512.png 768w\" sizes=\"(max-width: 900px) 100vw, 900px\" \/>\t\t\t\t\t\t\t\t<\/a>\n\t\t\t\t\t\t\t\t\t\t\t\t\t\t\t<\/div>\n\t\t\t\t<\/div>\n\t\t\t\t\t<\/div>\n\t\t\t\t<\/div>\n\t\t<div class=\"elementor-element elementor-element-8e51c72 e-flex e-con-boxed e-con e-parent\" data-id=\"8e51c72\" data-element_type=\"container\" data-e-type=\"container\" data-settings=\"{&quot;shape_divider_bottom&quot;:&quot;waves&quot;}\">\n\t\t\t\t\t<div class=\"e-con-inner\">\n\t\t\t\t<div class=\"elementor-shape elementor-shape-bottom\" aria-hidden=\"true\" data-negative=\"false\">\n\t\t\t<svg xmlns=\"http:\/\/www.w3.org\/2000\/svg\" viewbox=\"0 0 1000 100\" preserveaspectratio=\"none\">\n\t<path class=\"elementor-shape-fill\" d=\"M421.9,6.5c22.6-2.5,51.5,0.4,75.5,5.3c23.6,4.9,70.9,23.5,100.5,35.7c75.8,32.2,133.7,44.5,192.6,49.7\tc23.6,2.1,48.7,3.5,103.4-2.5c54.7-6,106.2-25.6,106.2-25.6V0H0v30.3c0,0,72,32.6,158.4,30.5c39.2-0.7,92.8-6.7,134-22.4\tc21.2-8.1,52.2-18.2,79.7-24.2C399.3,7.9,411.6,7.5,421.9,6.5z\"\/>\n<\/svg>\t\t<\/div>\n\t\t\t\t<div class=\"elementor-element elementor-element-30955e0 elementor-widget elementor-widget-heading\" data-id=\"30955e0\" data-element_type=\"widget\" data-e-type=\"widget\" data-widget_type=\"heading.default\">\n\t\t\t\t\t<h2 class=\"elementor-heading-title elementor-size-default\">Exkluz\u00edv aj\u00e1nlatok<\/h2>\t\t\t\t<\/div>\n\t\t<div class=\"elementor-element elementor-element-e9283a4 e-con-full e-flex e-con e-child\" data-id=\"e9283a4\" data-element_type=\"container\" data-e-type=\"container\">\n\t\t<div class=\"elementor-element elementor-element-451e445 e-con-full e-flex e-con e-child\" data-id=\"451e445\" data-element_type=\"container\" data-e-type=\"container\">\n\t\t\t\t<div class=\"elementor-element elementor-element-ec704c0 elementor-widget elementor-widget-text-editor\" data-id=\"ec704c0\" data-element_type=\"widget\" data-e-type=\"widget\" data-widget_type=\"text-editor.default\">\n\t\t\t\t\t\t\t\t\t<ul><li style=\"font-weight: 400;\" aria-level=\"1\"><strong>Panor\u00e1m\u00e1s b\u00e1r foglal\u00e1si lehet\u0151s\u00e9g bazilik\u00e1ra n\u00e9z\u0151 kil\u00e1t\u00e1ssal (kapacit\u00e1s 40 f\u0151ig)<\/strong><\/li><li style=\"font-weight: 400;\" aria-level=\"1\"><strong>Rendezv\u00e9ny a tet\u0151teraszon panor\u00e1m\u00e1s kil\u00e1t\u00e1ssal a bazilik\u00e1ra (kapacit\u00e1s 80 f\u0151ig)<\/strong><\/li><\/ul>\t\t\t\t\t\t\t\t<\/div>\n\t\t\t\t<div class=\"elementor-element elementor-element-c97fa6a elementor-widget elementor-widget-text-editor\" data-id=\"c97fa6a\" data-element_type=\"widget\" data-e-type=\"widget\" data-widget_type=\"text-editor.default\">\n\t\t\t\t\t\t\t\t\t<p><b>\u00c9tkez\u00e9si lehet\u0151s\u00e9gek:<\/b><\/p>\t\t\t\t\t\t\t\t<\/div>\n\t\t\t\t<div class=\"elementor-element elementor-element-d950888 elementor-widget elementor-widget-text-editor\" data-id=\"d950888\" data-element_type=\"widget\" data-e-type=\"widget\" data-widget_type=\"text-editor.default\">\n\t\t\t\t\t\t\t\t\t<ul><li style=\"font-weight: 400;\" aria-level=\"1\"><span style=\"font-weight: 400;\">L\u00e9gkondicion\u00e1lt sz\u00e1llodai \u00e9tterem (kapacit\u00e1s 100 f\u0151ig)<\/span><\/li><li style=\"font-weight: 400;\" aria-level=\"1\"><span style=\"font-weight: 400;\">T\u00e9likert szalon (kapacit\u00e1s 40 f\u0151ig)<\/span><\/li><\/ul><ul><li style=\"list-style-type: none;\">\u00a0<\/li><\/ul>\t\t\t\t\t\t\t\t<\/div>\n\t\t\t\t<div class=\"elementor-element elementor-element-f2b18b9 elementor-widget elementor-widget-text-editor\" data-id=\"f2b18b9\" data-element_type=\"widget\" data-e-type=\"widget\" data-widget_type=\"text-editor.default\">\n\t\t\t\t\t\t\t\t\t<p><b>Konferencia helysz\u00ednek k\u00f6zvetlen\u00fcl a sz\u00e1llod\u00e1ban<\/b><\/p>\t\t\t\t\t\t\t\t<\/div>\n\t\t\t\t<div class=\"elementor-element elementor-element-13ba163 elementor-widget elementor-widget-text-editor\" data-id=\"13ba163\" data-element_type=\"widget\" data-e-type=\"widget\" data-widget_type=\"text-editor.default\">\n\t\t\t\t\t\t\t\t\t<ul><li><span style=\"font-weight: 400;\">Burda meeting room (14 f\u0151ig)<\/span><\/li><li><span style=\"font-weight: 400;\">L\u00e9gkondicion\u00e1lt t\u00e9likert szalon (40 f\u0151ig)<\/span><\/li><li><span style=\"font-weight: 400;\">L\u00e9gkondicion\u00e1lt Granum konferenciaterem (30 f\u0151ig)<\/span><\/li><li><span style=\"font-weight: 400;\">L\u00e9gkondicion\u00e1lt Ister konferenciaterem (80 f\u0151ig)<\/span><\/li><\/ul>\t\t\t\t\t\t\t\t<\/div>\n\t\t\t\t<\/div>\n\t\t<div class=\"elementor-element elementor-element-9a7cbf6 e-con-full e-flex e-con e-child\" data-id=\"9a7cbf6\" data-element_type=\"container\" data-e-type=\"container\">\n\t\t\t\t<div class=\"elementor-element elementor-element-22b446e elementor-widget elementor-widget-image\" data-id=\"22b446e\" data-element_type=\"widget\" data-e-type=\"widget\" data-widget_type=\"image.default\">\n\t\t\t\t\t\t\t\t\t\t\t\t\t\t\t\t<a href=\"https:\/\/vadasmice.sk\/wp-content\/uploads\/2025\/10\/VADAS-MICE-52-scaled.jpg\" data-elementor-open-lightbox=\"yes\" data-e-action-hash=\"#elementor-action%3Aaction%3Dlightbox%26settings%3DeyJpZCI6ODE1LCJ1cmwiOiJodHRwczpcL1wvdmFkYXNtaWNlLnNrXC93cC1jb250ZW50XC91cGxvYWRzXC8yMDI1XC8xMFwvVkFEQVMtTUlDRS01Mi1zY2FsZWQuanBnIn0%3D\">\n\t\t\t\t\t\t\t<img decoding=\"async\" width=\"1707\" height=\"2560\" src=\"https:\/\/vadasmice.sk\/wp-content\/uploads\/2025\/10\/VADAS-MICE-52-scaled.jpg\" class=\"attachment-full size-full wp-image-815\" alt=\"\" srcset=\"https:\/\/vadasmice.sk\/wp-content\/uploads\/2025\/10\/VADAS-MICE-52-scaled.jpg 1707w, https:\/\/vadasmice.sk\/wp-content\/uploads\/2025\/10\/VADAS-MICE-52-467x700.jpg 467w, https:\/\/vadasmice.sk\/wp-content\/uploads\/2025\/10\/VADAS-MICE-52-683x1024.jpg 683w, https:\/\/vadasmice.sk\/wp-content\/uploads\/2025\/10\/VADAS-MICE-52-768x1152.jpg 768w, https:\/\/vadasmice.sk\/wp-content\/uploads\/2025\/10\/VADAS-MICE-52-1024x1536.jpg 1024w, https:\/\/vadasmice.sk\/wp-content\/uploads\/2025\/10\/VADAS-MICE-52-1365x2048.jpg 1365w\" sizes=\"(max-width: 1707px) 100vw, 1707px\" \/>\t\t\t\t\t\t\t\t<\/a>\n\t\t\t\t\t\t\t\t\t\t\t\t\t\t\t<\/div>\n\t\t\t\t<\/div>\n\t\t\t\t<\/div>\n\t\t\t\t<div class=\"elementor-element elementor-element-8367ae5 elementor-widget elementor-widget-heading\" data-id=\"8367ae5\" data-element_type=\"widget\" data-e-type=\"widget\" data-widget_type=\"heading.default\">\n\t\t\t\t\t<h2 class=\"elementor-heading-title elementor-size-default\">\u00c9lm\u00e9nyprogramok<\/h2>\t\t\t\t<\/div>\n\t\t<div class=\"elementor-element elementor-element-21b62a6 e-con-full e-flex e-con e-child\" data-id=\"21b62a6\" data-element_type=\"container\" data-e-type=\"container\">\n\t\t<div class=\"elementor-element elementor-element-2bde383 e-con-full e-flex e-con e-child\" data-id=\"2bde383\" data-element_type=\"container\" data-e-type=\"container\">\n\t\t\t\t<div class=\"elementor-element elementor-element-471a8f6 elementor-widget elementor-widget-image\" data-id=\"471a8f6\" data-element_type=\"widget\" data-e-type=\"widget\" data-widget_type=\"image.default\">\n\t\t\t\t\t\t\t\t\t\t\t\t\t\t\t\t<a href=\"https:\/\/vadasmice.sk\/wp-content\/uploads\/2025\/10\/Elmenyprogramok.jpg\" data-elementor-open-lightbox=\"yes\" data-e-action-hash=\"#elementor-action%3Aaction%3Dlightbox%26settings%3DeyJpZCI6NzkxLCJ1cmwiOiJodHRwczpcL1wvdmFkYXNtaWNlLnNrXC93cC1jb250ZW50XC91cGxvYWRzXC8yMDI1XC8xMFwvRWxtZW55cHJvZ3JhbW9rLmpwZyJ9\">\n\t\t\t\t\t\t\t<img loading=\"lazy\" decoding=\"async\" width=\"949\" height=\"1080\" src=\"https:\/\/vadasmice.sk\/wp-content\/uploads\/2025\/10\/Elmenyprogramok.jpg\" class=\"attachment-full size-full wp-image-791\" alt=\"\" srcset=\"https:\/\/vadasmice.sk\/wp-content\/uploads\/2025\/10\/Elmenyprogramok.jpg 949w, https:\/\/vadasmice.sk\/wp-content\/uploads\/2025\/10\/Elmenyprogramok-615x700.jpg 615w, https:\/\/vadasmice.sk\/wp-content\/uploads\/2025\/10\/Elmenyprogramok-900x1024.jpg 900w, https:\/\/vadasmice.sk\/wp-content\/uploads\/2025\/10\/Elmenyprogramok-768x874.jpg 768w\" sizes=\"(max-width: 949px) 100vw, 949px\" \/>\t\t\t\t\t\t\t\t<\/a>\n\t\t\t\t\t\t\t\t\t\t\t\t\t\t\t<\/div>\n\t\t\t\t<\/div>\n\t\t<div class=\"elementor-element elementor-element-d37e93f e-con-full e-flex e-con e-child\" data-id=\"d37e93f\" data-element_type=\"container\" data-e-type=\"container\">\n\t\t\t\t<div class=\"elementor-element elementor-element-059e21a elementor-widget elementor-widget-text-editor\" data-id=\"059e21a\" data-element_type=\"widget\" data-e-type=\"widget\" data-widget_type=\"text-editor.default\">\n\t\t\t\t\t\t\t\t\t<p><b>Esem\u00e9ny, ami nem csak a falak k\u00f6z\u00f6tt t\u00f6rt\u00e9nik.<\/b><\/p>\t\t\t\t\t\t\t\t<\/div>\n\t\t\t\t<div class=\"elementor-element elementor-element-741fe6c elementor-widget elementor-widget-text-editor\" data-id=\"741fe6c\" data-element_type=\"widget\" data-e-type=\"widget\" data-widget_type=\"text-editor.default\">\n\t\t\t\t\t\t\t\t\t<p><span style=\"font-weight: 400;\">A rendezv\u00e9nyek igazi eszenci\u00e1j\u00e1t a programok adj\u00e1k: a Vadas Thermal Resort \u00e9s k\u00f6rny\u00e9ke k\u00fcl\u00f6nleges \u00e9lm\u00e9nyeket k\u00edn\u00e1l \u2014 igazi t\u00f6rt\u00e9nelmi utaz\u00e1st, ahol a Felvid\u00e9ki Monarchi\u00e1ba korszak\u00e1ba cs\u00f6ppenhet\u00fcnk, term\u00e9szetk\u00f6zeli kalandokat, gasztron\u00f3miai felfedez\u00e9seket \u00e9s pihentet\u0151 wellness pillanatokat, amelyek val\u00f3ban \u00f6sszek\u00f6tnek.<\/span><\/p>\t\t\t\t\t\t\t\t<\/div>\n\t\t\t\t<\/div>\n\t\t\t\t<\/div>\n\t\t\t\t<div class=\"elementor-element elementor-element-b36dd85 elementor-align-center elementor-widget elementor-widget-button\" data-id=\"b36dd85\" data-element_type=\"widget\" data-e-type=\"widget\" data-widget_type=\"button.default\">\n\t\t\t\t\t\t\t\t\t\t<a class=\"elementor-button elementor-button-link elementor-size-sm elementor-animation-shrink\" href=\"https:\/\/vadasmice.sk\/hu\/?p=594\">\n\t\t\t\t\t\t<span class=\"elementor-button-content-wrapper\">\n\t\t\t\t\t\t\t\t\t<span class=\"elementor-button-text\">Tov\u00e1bbi inform\u00e1ci\u00f3 <\/span>\n\t\t\t\t\t<\/span>\n\t\t\t\t\t<\/a>\n\t\t\t\t\t\t\t\t<\/div>\n\t\t\t\t\t<\/div>\n\t\t\t\t<\/div>\n\t\t<div class=\"elementor-element elementor-element-bc877a2 e-flex e-con-boxed e-con e-parent\" data-id=\"bc877a2\" data-element_type=\"container\" data-e-type=\"container\" data-settings=\"{&quot;background_background&quot;:&quot;classic&quot;}\">\n\t\t\t\t\t<div class=\"e-con-inner\">\n\t\t\t\t<div class=\"elementor-element elementor-element-6555e75 elementor-widget elementor-widget-heading\" data-id=\"6555e75\" data-element_type=\"widget\" data-e-type=\"widget\" data-widget_type=\"heading.default\">\n\t\t\t\t\t<h2 class=\"elementor-heading-title elementor-size-default\">Tervezz\u00fck meg egy\u00fctt a t\u00f6k\u00e9letes \u00e9lm\u00e9nyt!<\/h2>\t\t\t\t<\/div>\n\t\t\t\t<div class=\"elementor-element elementor-element-5358d2f elementor-widget elementor-widget-text-editor\" data-id=\"5358d2f\" data-element_type=\"widget\" data-e-type=\"widget\" data-widget_type=\"text-editor.default\">\n\t\t\t\t\t\t\t\t\t<p>Csapatunk szem\u00e9lyre szabott aj\u00e1nlatot k\u00e9sz\u00edt, hogy rendezv\u00e9nyed val\u00f3ban eml\u00e9kezetes legyen.<\/p>\t\t\t\t\t\t\t\t<\/div>\n\t\t\t\t<div class=\"elementor-element elementor-element-63b35fc elementor-align-center elementor-widget elementor-widget-button\" data-id=\"63b35fc\" data-element_type=\"widget\" data-e-type=\"widget\" data-widget_type=\"button.default\">\n\t\t\t\t\t\t\t\t\t\t<a class=\"elementor-button elementor-button-link elementor-size-sm elementor-animation-shrink\" href=\"https:\/\/vadasmice.sk\/hu\/?p=592\">\n\t\t\t\t\t\t<span class=\"elementor-button-content-wrapper\">\n\t\t\t\t\t\t\t\t\t<span class=\"elementor-button-text\">Aj\u00e1nlatot k\u00e9rek!<\/span>\n\t\t\t\t\t<\/span>\n\t\t\t\t\t<\/a>\n\t\t\t\t\t\t\t\t<\/div>\n\t\t\t\t\t<\/div>\n\t\t\t\t<\/div>\n\t\t\t\t<\/div>","protected":false},"excerpt":{"rendered":"<p>Vada\u0161 Thermal Resort Na brehu Dunaja, v malebnom prostred\u00ed, v\u00e1s v\u00edta Vada\u0161 Thermal Resort \u2013 miesto, kde sa konferencie, tr\u00e9ningy a firemn\u00e9 podujatia pos\u00favaj\u00fa na nov\u00fa \u00farove\u0148. Modern\u00e9 eventov\u00e9 priestory, r\u00f4zne typy ubytovania, gastronomick\u00e9 z\u00e1\u017eitky a jedine\u010dn\u00e9 wellness slu\u017eby sa tu sp\u00e1jaj\u00fa do jedn\u00e9ho celku. Objavte destin\u00e1ciu, kde pr\u00e1ca a oddych kr\u00e1\u010daj\u00fa ruka v ruke. [&hellip;]<\/p>\n","protected":false},"author":4,"featured_media":0,"parent":0,"menu_order":0,"comment_status":"closed","ping_status":"closed","template":"","meta":{"footnotes":""},"class_list":["post-589","page","type-page","status-publish","hentry"],"_links":{"self":[{"href":"https:\/\/vadasmice.sk\/hu\/wp-json\/wp\/v2\/pages\/589","targetHints":{"allow":["GET"]}}],"collection":[{"href":"https:\/\/vadasmice.sk\/hu\/wp-json\/wp\/v2\/pages"}],"about":[{"href":"https:\/\/vadasmice.sk\/hu\/wp-json\/wp\/v2\/types\/page"}],"author":[{"embeddable":true,"href":"https:\/\/vadasmice.sk\/hu\/wp-json\/wp\/v2\/users\/4"}],"replies":[{"embeddable":true,"href":"https:\/\/vadasmice.sk\/hu\/wp-json\/wp\/v2\/comments?post=589"}],"version-history":[{"count":141,"href":"https:\/\/vadasmice.sk\/hu\/wp-json\/wp\/v2\/pages\/589\/revisions"}],"predecessor-version":[{"id":1581,"href":"https:\/\/vadasmice.sk\/hu\/wp-json\/wp\/v2\/pages\/589\/revisions\/1581"}],"wp:attachment":[{"href":"https:\/\/vadasmice.sk\/hu\/wp-json\/wp\/v2\/media?parent=589"}],"curies":[{"name":"wp","href":"https:\/\/api.w.org\/{rel}","templated":true}]}}