{"id":592,"date":"2025-10-13T12:15:54","date_gmt":"2025-10-13T10:15:54","guid":{"rendered":"https:\/\/vadasmice.sk\/?page_id=592"},"modified":"2026-04-14T15:35:12","modified_gmt":"2026-04-14T13:35:12","slug":"programok","status":"publish","type":"page","link":"https:\/\/vadasmice.sk\/hu\/programy\/","title":{"rendered":"Programok"},"content":{"rendered":"\t\t<div data-elementor-type=\"wp-page\" data-elementor-id=\"592\" class=\"elementor elementor-592\" data-elementor-post-type=\"page\">\n\t\t\t\t<div class=\"elementor-element elementor-element-6a0ea08 e-flex e-con-boxed e-con e-parent\" data-id=\"6a0ea08\" data-element_type=\"container\" data-e-type=\"container\" data-settings=\"{&quot;background_background&quot;:&quot;classic&quot;,&quot;shape_divider_bottom&quot;:&quot;waves&quot;}\">\n\t\t\t\t\t<div class=\"e-con-inner\">\n\t\t\t\t<div class=\"elementor-shape elementor-shape-bottom\" aria-hidden=\"true\" data-negative=\"false\">\n\t\t\t<svg xmlns=\"http:\/\/www.w3.org\/2000\/svg\" viewBox=\"0 0 1000 100\" preserveAspectRatio=\"none\">\n\t<path class=\"elementor-shape-fill\" d=\"M421.9,6.5c22.6-2.5,51.5,0.4,75.5,5.3c23.6,4.9,70.9,23.5,100.5,35.7c75.8,32.2,133.7,44.5,192.6,49.7\n\tc23.6,2.1,48.7,3.5,103.4-2.5c54.7-6,106.2-25.6,106.2-25.6V0H0v30.3c0,0,72,32.6,158.4,30.5c39.2-0.7,92.8-6.7,134-22.4\n\tc21.2-8.1,52.2-18.2,79.7-24.2C399.3,7.9,411.6,7.5,421.9,6.5z\"\/>\n<\/svg>\t\t<\/div>\n\t\t\t\t\t<\/div>\n\t\t\t\t<\/div>\n\t\t<div class=\"elementor-element elementor-element-19b30c6 e-flex e-con-boxed e-con e-parent\" data-id=\"19b30c6\" data-element_type=\"container\" data-e-type=\"container\">\n\t\t\t\t\t<div class=\"e-con-inner\">\n\t\t\t\t<div class=\"elementor-element elementor-element-c3ea44c elementor-widget elementor-widget-heading\" data-id=\"c3ea44c\" data-element_type=\"widget\" data-e-type=\"widget\" data-widget_type=\"heading.default\">\n\t\t\t\t\t<h2 class=\"elementor-heading-title elementor-size-default\">Jedine\u010dn\u00e9 z\u00e1\u017eitkov\u00e9 programy v \u0160t\u00farove a okol\u00ed\n<\/h2>\t\t\t\t<\/div>\n\t\t\t\t<div class=\"elementor-element elementor-element-c8e6e85 elementor-widget elementor-widget-text-editor\" data-id=\"c8e6e85\" data-element_type=\"widget\" data-e-type=\"widget\" data-widget_type=\"text-editor.default\">\n\t\t\t\t\t\t\t\t\t<p><b>Z\u00e1\u017eitky, ktor\u00e9 sp\u00e1jaj\u00fa.<\/b><\/p><p>Programy, ktor\u00e9 Vadas Thermal Resort pon\u00faka spolu so svojimi partnermi, v\u00e1s poz\u00fdvaj\u00fa na objavovanie, oddych a in\u0161pir\u00e1ciu \u2013 \u010di u\u017e ide o teambuilding, gastronomick\u00e9 dobrodru\u017estvo alebo int\u00edmnu degust\u00e1ciu v\u00edna.<\/p>\t\t\t\t\t\t\t\t<\/div>\n\t\t\t\t<div class=\"elementor-element elementor-element-29cd88b elementor-align-center elementor-widget elementor-widget-button\" data-id=\"29cd88b\" data-element_type=\"widget\" data-e-type=\"widget\" data-widget_type=\"button.default\">\n\t\t\t\t\t\t\t\t\t\t<a class=\"elementor-button elementor-button-link elementor-size-sm elementor-animation-shrink\" href=\"https:\/\/vadasmice.sk\/?p=594\">\n\t\t\t\t\t\t<span class=\"elementor-button-content-wrapper\">\n\t\t\t\t\t\t\t\t\t<span class=\"elementor-button-text\">\u017dIADOS\u0164 O PONUKU<\/span>\n\t\t\t\t\t<\/span>\n\t\t\t\t\t<\/a>\n\t\t\t\t\t\t\t\t<\/div>\n\t\t\t\t<div class=\"elementor-element elementor-element-0fae09d elementor-widget elementor-widget-jet-listing-grid\" data-id=\"0fae09d\" data-element_type=\"widget\" data-e-type=\"widget\" data-settings=\"{&quot;columns&quot;:&quot;3&quot;,&quot;columns_mobile&quot;:&quot;1&quot;}\" data-widget_type=\"jet-listing-grid.default\">\n\t\t\t\t\t<div class=\"jet-listing-grid jet-listing\"><div class=\"jet-listing-grid__items grid-col-desk-3 grid-col-tablet-3 grid-col-mobile-1 jet-listing-grid--875\" data-queried-id=\"592|WP_Post\" data-nav=\"{&quot;enabled&quot;:false,&quot;type&quot;:null,&quot;more_el&quot;:null,&quot;query&quot;:[],&quot;widget_settings&quot;:{&quot;lisitng_id&quot;:875,&quot;posts_num&quot;:6,&quot;columns&quot;:3,&quot;columns_tablet&quot;:3,&quot;columns_mobile&quot;:1,&quot;column_min_width&quot;:240,&quot;column_min_width_tablet&quot;:240,&quot;column_min_width_mobile&quot;:240,&quot;inline_columns_css&quot;:false,&quot;is_archive_template&quot;:&quot;&quot;,&quot;post_status&quot;:[&quot;publish&quot;],&quot;use_random_posts_num&quot;:&quot;&quot;,&quot;max_posts_num&quot;:9,&quot;not_found_message&quot;:&quot;Nincs tal\\u00e1lat.&quot;,&quot;is_masonry&quot;:false,&quot;equal_columns_height&quot;:&quot;&quot;,&quot;use_load_more&quot;:&quot;&quot;,&quot;load_more_id&quot;:&quot;&quot;,&quot;load_more_type&quot;:&quot;click&quot;,&quot;load_more_offset&quot;:{&quot;unit&quot;:&quot;px&quot;,&quot;size&quot;:0,&quot;sizes&quot;:[]},&quot;use_custom_post_types&quot;:&quot;&quot;,&quot;custom_post_types&quot;:[],&quot;hide_widget_if&quot;:&quot;&quot;,&quot;carousel_enabled&quot;:&quot;&quot;,&quot;slides_to_scroll&quot;:&quot;1&quot;,&quot;arrows&quot;:&quot;true&quot;,&quot;arrow_icon&quot;:&quot;fa fa-angle-left&quot;,&quot;dots&quot;:&quot;&quot;,&quot;autoplay&quot;:&quot;true&quot;,&quot;pause_on_hover&quot;:&quot;true&quot;,&quot;autoplay_speed&quot;:5000,&quot;infinite&quot;:&quot;true&quot;,&quot;center_mode&quot;:&quot;&quot;,&quot;effect&quot;:&quot;slide&quot;,&quot;speed&quot;:500,&quot;inject_alternative_items&quot;:&quot;&quot;,&quot;injection_items&quot;:[],&quot;scroll_slider_enabled&quot;:&quot;&quot;,&quot;scroll_slider_on&quot;:[&quot;desktop&quot;,&quot;tablet&quot;,&quot;mobile&quot;],&quot;custom_query&quot;:false,&quot;custom_query_id&quot;:&quot;&quot;,&quot;_element_id&quot;:&quot;&quot;,&quot;collapse_first_last_gap&quot;:false,&quot;list_tag_selection&quot;:&quot;&quot;,&quot;list_items_wrapper_tag&quot;:&quot;div&quot;,&quot;list_item_tag&quot;:&quot;div&quot;,&quot;empty_items_wrapper_tag&quot;:&quot;div&quot;}}\" data-page=\"1\" data-pages=\"1\" data-listing-source=\"posts\" data-listing-id=\"875\" data-query-id=\"\"><div class=\"jet-listing-grid__item jet-listing-dynamic-post-1196\" data-post-id=\"1196\"  ><style type=\"text\/css\">.jet-listing-dynamic-post-1196 .elementor-element.elementor-element-f97a6e8:not(.elementor-motion-effects-element-type-background), .jet-listing-dynamic-post-1196 .elementor-element.elementor-element-f97a6e8 > .elementor-motion-effects-container > .elementor-motion-effects-layer{background-image:url(\"https:\/\/vadasmice.sk\/wp-content\/uploads\/2025\/11\/Hajozas-a-Dunan.jpg\");}.jet-listing-dynamic-post-1196 .elementor-element.elementor-element-f97a6e8::before, .jet-listing-dynamic-post-1196 .elementor-element.elementor-element-f97a6e8 > .elementor-background-video-container::before, .jet-listing-dynamic-post-1196 .elementor-element.elementor-element-f97a6e8 > .e-con-inner > .elementor-background-video-container::before, .jet-listing-dynamic-post-1196 .elementor-element.elementor-element-f97a6e8 > .elementor-background-slideshow::before, .jet-listing-dynamic-post-1196 .elementor-element.elementor-element-f97a6e8 > .e-con-inner > .elementor-background-slideshow::before, .jet-listing-dynamic-post-1196 .elementor-element.elementor-element-f97a6e8 > .elementor-motion-effects-container > .elementor-motion-effects-layer::before{background-image:url(\"https:\/\/vadasmice.sk\/wp-content\/uploads\/2025\/11\/Hajozas-a-Dunan.jpg\");}<\/style>\t\t<div data-elementor-type=\"jet-listing-items\" data-elementor-id=\"875\" class=\"elementor elementor-875\" data-elementor-post-type=\"jet-engine\">\n\t\t\t\t<div class=\"elementor-element elementor-element-f97a6e8 e-flex e-con-boxed e-con e-parent\" data-id=\"f97a6e8\" data-element_type=\"container\" data-e-type=\"container\" data-settings=\"{&quot;background_background&quot;:&quot;classic&quot;}\">\n\t\t\t\t\t<div class=\"e-con-inner\">\n\t\t\t\t<div class=\"elementor-element elementor-element-f99c5d7 elementor-widget elementor-widget-text-editor\" data-id=\"f99c5d7\" data-element_type=\"widget\" data-e-type=\"widget\" data-widget_type=\"text-editor.default\">\n\t\t\t\t\t\t\t\t\tPlavba po Dunaji\t\t\t\t\t\t\t\t<\/div>\n\t\t\t\t<div class=\"elementor-element elementor-element-9d8e248 elementor-align-center elementor-widget elementor-widget-button\" data-id=\"9d8e248\" data-element_type=\"widget\" data-e-type=\"widget\" data-widget_type=\"button.default\">\n\t\t\t\t\t\t\t\t\t\t<a class=\"elementor-button elementor-button-link elementor-size-sm elementor-animation-shrink\" href=\"https:\/\/vadasmice.sk\/hu\/?vadas-programy=plavba-po-dunaji\">\n\t\t\t\t\t\t<span class=\"elementor-button-content-wrapper\">\n\t\t\t\t\t\t\t\t\t<span class=\"elementor-button-text\">Viac inform\u00e1ci\u00ed <\/span>\n\t\t\t\t\t<\/span>\n\t\t\t\t\t<\/a>\n\t\t\t\t\t\t\t\t<\/div>\n\t\t\t\t\t<\/div>\n\t\t\t\t<\/div>\n\t\t\t\t<\/div>\n\t\t<\/div><div class=\"jet-listing-grid__item jet-listing-dynamic-post-1195\" data-post-id=\"1195\"  ><style type=\"text\/css\">.jet-listing-dynamic-post-1195 .elementor-element.elementor-element-f97a6e8:not(.elementor-motion-effects-element-type-background), .jet-listing-dynamic-post-1195 .elementor-element.elementor-element-f97a6e8 > .elementor-motion-effects-container > .elementor-motion-effects-layer{background-image:url(\"https:\/\/vadasmice.sk\/wp-content\/uploads\/2025\/11\/Dunai-kajakozas.jpg\");}.jet-listing-dynamic-post-1195 .elementor-element.elementor-element-f97a6e8::before, .jet-listing-dynamic-post-1195 .elementor-element.elementor-element-f97a6e8 > .elementor-background-video-container::before, .jet-listing-dynamic-post-1195 .elementor-element.elementor-element-f97a6e8 > .e-con-inner > .elementor-background-video-container::before, .jet-listing-dynamic-post-1195 .elementor-element.elementor-element-f97a6e8 > .elementor-background-slideshow::before, .jet-listing-dynamic-post-1195 .elementor-element.elementor-element-f97a6e8 > .e-con-inner > .elementor-background-slideshow::before, .jet-listing-dynamic-post-1195 .elementor-element.elementor-element-f97a6e8 > .elementor-motion-effects-container > .elementor-motion-effects-layer::before{background-image:url(\"https:\/\/vadasmice.sk\/wp-content\/uploads\/2025\/11\/Dunai-kajakozas.jpg\");}<\/style>\t\t<div data-elementor-type=\"jet-listing-items\" data-elementor-id=\"875\" class=\"elementor elementor-875\" data-elementor-post-type=\"jet-engine\">\n\t\t\t\t<div class=\"elementor-element elementor-element-f97a6e8 e-flex e-con-boxed e-con e-parent\" data-id=\"f97a6e8\" data-element_type=\"container\" data-e-type=\"container\" data-settings=\"{&quot;background_background&quot;:&quot;classic&quot;}\">\n\t\t\t\t\t<div class=\"e-con-inner\">\n\t\t\t\t<div class=\"elementor-element elementor-element-f99c5d7 elementor-widget elementor-widget-text-editor\" data-id=\"f99c5d7\" data-element_type=\"widget\" data-e-type=\"widget\" data-widget_type=\"text-editor.default\">\n\t\t\t\t\t\t\t\t\tKajakovanie na rieke\t\t\t\t\t\t\t\t<\/div>\n\t\t\t\t<div class=\"elementor-element elementor-element-9d8e248 elementor-align-center elementor-widget elementor-widget-button\" data-id=\"9d8e248\" data-element_type=\"widget\" data-e-type=\"widget\" data-widget_type=\"button.default\">\n\t\t\t\t\t\t\t\t\t\t<a class=\"elementor-button elementor-button-link elementor-size-sm elementor-animation-shrink\" href=\"https:\/\/vadasmice.sk\/hu\/?vadas-programy=kajakovanie-na-rieke\">\n\t\t\t\t\t\t<span class=\"elementor-button-content-wrapper\">\n\t\t\t\t\t\t\t\t\t<span class=\"elementor-button-text\">Viac inform\u00e1ci\u00ed <\/span>\n\t\t\t\t\t<\/span>\n\t\t\t\t\t<\/a>\n\t\t\t\t\t\t\t\t<\/div>\n\t\t\t\t\t<\/div>\n\t\t\t\t<\/div>\n\t\t\t\t<\/div>\n\t\t<\/div><div class=\"jet-listing-grid__item jet-listing-dynamic-post-1194\" data-post-id=\"1194\"  ><style type=\"text\/css\">.jet-listing-dynamic-post-1194 .elementor-element.elementor-element-f97a6e8:not(.elementor-motion-effects-element-type-background), .jet-listing-dynamic-post-1194 .elementor-element.elementor-element-f97a6e8 > .elementor-motion-effects-container > .elementor-motion-effects-layer{background-image:url(\"https:\/\/vadasmice.sk\/wp-content\/uploads\/2025\/11\/Kastelylatogatas1.jpg\");}.jet-listing-dynamic-post-1194 .elementor-element.elementor-element-f97a6e8::before, .jet-listing-dynamic-post-1194 .elementor-element.elementor-element-f97a6e8 > .elementor-background-video-container::before, .jet-listing-dynamic-post-1194 .elementor-element.elementor-element-f97a6e8 > .e-con-inner > .elementor-background-video-container::before, .jet-listing-dynamic-post-1194 .elementor-element.elementor-element-f97a6e8 > .elementor-background-slideshow::before, .jet-listing-dynamic-post-1194 .elementor-element.elementor-element-f97a6e8 > .e-con-inner > .elementor-background-slideshow::before, .jet-listing-dynamic-post-1194 .elementor-element.elementor-element-f97a6e8 > .elementor-motion-effects-container > .elementor-motion-effects-layer::before{background-image:url(\"https:\/\/vadasmice.sk\/wp-content\/uploads\/2025\/11\/Kastelylatogatas1.jpg\");}<\/style>\t\t<div data-elementor-type=\"jet-listing-items\" data-elementor-id=\"875\" class=\"elementor elementor-875\" data-elementor-post-type=\"jet-engine\">\n\t\t\t\t<div class=\"elementor-element elementor-element-f97a6e8 e-flex e-con-boxed e-con e-parent\" data-id=\"f97a6e8\" data-element_type=\"container\" data-e-type=\"container\" data-settings=\"{&quot;background_background&quot;:&quot;classic&quot;}\">\n\t\t\t\t\t<div class=\"e-con-inner\">\n\t\t\t\t<div class=\"elementor-element elementor-element-f99c5d7 elementor-widget elementor-widget-text-editor\" data-id=\"f99c5d7\" data-element_type=\"widget\" data-e-type=\"widget\" data-widget_type=\"text-editor.default\">\n\t\t\t\t\t\t\t\t\tN\u00e1v\u0161teva ka\u0161tie\u013ea\t\t\t\t\t\t\t\t<\/div>\n\t\t\t\t<div class=\"elementor-element elementor-element-9d8e248 elementor-align-center elementor-widget elementor-widget-button\" data-id=\"9d8e248\" data-element_type=\"widget\" data-e-type=\"widget\" data-widget_type=\"button.default\">\n\t\t\t\t\t\t\t\t\t\t<a class=\"elementor-button elementor-button-link elementor-size-sm elementor-animation-shrink\" href=\"https:\/\/vadasmice.sk\/hu\/?vadas-programy=navsteva-kastiela\">\n\t\t\t\t\t\t<span class=\"elementor-button-content-wrapper\">\n\t\t\t\t\t\t\t\t\t<span class=\"elementor-button-text\">Viac inform\u00e1ci\u00ed <\/span>\n\t\t\t\t\t<\/span>\n\t\t\t\t\t<\/a>\n\t\t\t\t\t\t\t\t<\/div>\n\t\t\t\t\t<\/div>\n\t\t\t\t<\/div>\n\t\t\t\t<\/div>\n\t\t<\/div><div class=\"jet-listing-grid__item jet-listing-dynamic-post-1193\" data-post-id=\"1193\"  ><style type=\"text\/css\">.jet-listing-dynamic-post-1193 .elementor-element.elementor-element-f97a6e8:not(.elementor-motion-effects-element-type-background), .jet-listing-dynamic-post-1193 .elementor-element.elementor-element-f97a6e8 > .elementor-motion-effects-container > .elementor-motion-effects-layer{background-image:url(\"https:\/\/vadasmice.sk\/wp-content\/uploads\/2025\/11\/Borkostolo.jpg\");}.jet-listing-dynamic-post-1193 .elementor-element.elementor-element-f97a6e8::before, .jet-listing-dynamic-post-1193 .elementor-element.elementor-element-f97a6e8 > .elementor-background-video-container::before, .jet-listing-dynamic-post-1193 .elementor-element.elementor-element-f97a6e8 > .e-con-inner > .elementor-background-video-container::before, .jet-listing-dynamic-post-1193 .elementor-element.elementor-element-f97a6e8 > .elementor-background-slideshow::before, .jet-listing-dynamic-post-1193 .elementor-element.elementor-element-f97a6e8 > .e-con-inner > .elementor-background-slideshow::before, .jet-listing-dynamic-post-1193 .elementor-element.elementor-element-f97a6e8 > .elementor-motion-effects-container > .elementor-motion-effects-layer::before{background-image:url(\"https:\/\/vadasmice.sk\/wp-content\/uploads\/2025\/11\/Borkostolo.jpg\");}<\/style>\t\t<div data-elementor-type=\"jet-listing-items\" data-elementor-id=\"875\" class=\"elementor elementor-875\" data-elementor-post-type=\"jet-engine\">\n\t\t\t\t<div class=\"elementor-element elementor-element-f97a6e8 e-flex e-con-boxed e-con e-parent\" data-id=\"f97a6e8\" data-element_type=\"container\" data-e-type=\"container\" data-settings=\"{&quot;background_background&quot;:&quot;classic&quot;}\">\n\t\t\t\t\t<div class=\"e-con-inner\">\n\t\t\t\t<div class=\"elementor-element elementor-element-f99c5d7 elementor-widget elementor-widget-text-editor\" data-id=\"f99c5d7\" data-element_type=\"widget\" data-e-type=\"widget\" data-widget_type=\"text-editor.default\">\n\t\t\t\t\t\t\t\t\tDegust\u00e1cia v\u00edna\t\t\t\t\t\t\t\t<\/div>\n\t\t\t\t<div class=\"elementor-element elementor-element-9d8e248 elementor-align-center elementor-widget elementor-widget-button\" data-id=\"9d8e248\" data-element_type=\"widget\" data-e-type=\"widget\" data-widget_type=\"button.default\">\n\t\t\t\t\t\t\t\t\t\t<a class=\"elementor-button elementor-button-link elementor-size-sm elementor-animation-shrink\" href=\"https:\/\/vadasmice.sk\/hu\/?vadas-programy=degustacia-vina\">\n\t\t\t\t\t\t<span class=\"elementor-button-content-wrapper\">\n\t\t\t\t\t\t\t\t\t<span class=\"elementor-button-text\">Viac inform\u00e1ci\u00ed <\/span>\n\t\t\t\t\t<\/span>\n\t\t\t\t\t<\/a>\n\t\t\t\t\t\t\t\t<\/div>\n\t\t\t\t\t<\/div>\n\t\t\t\t<\/div>\n\t\t\t\t<\/div>\n\t\t<\/div><div class=\"jet-listing-grid__item jet-listing-dynamic-post-1191\" data-post-id=\"1191\"  ><style type=\"text\/css\">.jet-listing-dynamic-post-1191 .elementor-element.elementor-element-f97a6e8:not(.elementor-motion-effects-element-type-background), .jet-listing-dynamic-post-1191 .elementor-element.elementor-element-f97a6e8 > .elementor-motion-effects-container > .elementor-motion-effects-layer{background-image:url(\"https:\/\/vadasmice.sk\/wp-content\/uploads\/2025\/11\/Kotelpalyas-ugyessegi-program2.jpg\");}.jet-listing-dynamic-post-1191 .elementor-element.elementor-element-f97a6e8::before, .jet-listing-dynamic-post-1191 .elementor-element.elementor-element-f97a6e8 > .elementor-background-video-container::before, .jet-listing-dynamic-post-1191 .elementor-element.elementor-element-f97a6e8 > .e-con-inner > .elementor-background-video-container::before, .jet-listing-dynamic-post-1191 .elementor-element.elementor-element-f97a6e8 > .elementor-background-slideshow::before, .jet-listing-dynamic-post-1191 .elementor-element.elementor-element-f97a6e8 > .e-con-inner > .elementor-background-slideshow::before, .jet-listing-dynamic-post-1191 .elementor-element.elementor-element-f97a6e8 > .elementor-motion-effects-container > .elementor-motion-effects-layer::before{background-image:url(\"https:\/\/vadasmice.sk\/wp-content\/uploads\/2025\/11\/Kotelpalyas-ugyessegi-program2.jpg\");}<\/style>\t\t<div data-elementor-type=\"jet-listing-items\" data-elementor-id=\"875\" class=\"elementor elementor-875\" data-elementor-post-type=\"jet-engine\">\n\t\t\t\t<div class=\"elementor-element elementor-element-f97a6e8 e-flex e-con-boxed e-con e-parent\" data-id=\"f97a6e8\" data-element_type=\"container\" data-e-type=\"container\" data-settings=\"{&quot;background_background&quot;:&quot;classic&quot;}\">\n\t\t\t\t\t<div class=\"e-con-inner\">\n\t\t\t\t<div class=\"elementor-element elementor-element-f99c5d7 elementor-widget elementor-widget-text-editor\" data-id=\"f99c5d7\" data-element_type=\"widget\" data-e-type=\"widget\" data-widget_type=\"text-editor.default\">\n\t\t\t\t\t\t\t\t\tLanov\u00fd program zameran\u00fd na obratnos\u0165\t\t\t\t\t\t\t\t<\/div>\n\t\t\t\t<div class=\"elementor-element elementor-element-9d8e248 elementor-align-center elementor-widget elementor-widget-button\" data-id=\"9d8e248\" data-element_type=\"widget\" data-e-type=\"widget\" data-widget_type=\"button.default\">\n\t\t\t\t\t\t\t\t\t\t<a class=\"elementor-button elementor-button-link elementor-size-sm elementor-animation-shrink\" href=\"https:\/\/vadasmice.sk\/hu\/?vadas-programy=lanovy-park\">\n\t\t\t\t\t\t<span class=\"elementor-button-content-wrapper\">\n\t\t\t\t\t\t\t\t\t<span class=\"elementor-button-text\">Viac inform\u00e1ci\u00ed <\/span>\n\t\t\t\t\t<\/span>\n\t\t\t\t\t<\/a>\n\t\t\t\t\t\t\t\t<\/div>\n\t\t\t\t\t<\/div>\n\t\t\t\t<\/div>\n\t\t\t\t<\/div>\n\t\t<\/div><div class=\"jet-listing-grid__item jet-listing-dynamic-post-856\" data-post-id=\"856\"  ><style type=\"text\/css\">.jet-listing-dynamic-post-856 .elementor-element.elementor-element-f97a6e8:not(.elementor-motion-effects-element-type-background), .jet-listing-dynamic-post-856 .elementor-element.elementor-element-f97a6e8 > .elementor-motion-effects-container > .elementor-motion-effects-layer{background-image:url(\"https:\/\/vadasmice.sk\/wp-content\/uploads\/2025\/10\/PROGRAMOK-aloldal-hero.jpg\");}.jet-listing-dynamic-post-856 .elementor-element.elementor-element-f97a6e8::before, .jet-listing-dynamic-post-856 .elementor-element.elementor-element-f97a6e8 > .elementor-background-video-container::before, .jet-listing-dynamic-post-856 .elementor-element.elementor-element-f97a6e8 > .e-con-inner > .elementor-background-video-container::before, .jet-listing-dynamic-post-856 .elementor-element.elementor-element-f97a6e8 > .elementor-background-slideshow::before, .jet-listing-dynamic-post-856 .elementor-element.elementor-element-f97a6e8 > .e-con-inner > .elementor-background-slideshow::before, .jet-listing-dynamic-post-856 .elementor-element.elementor-element-f97a6e8 > .elementor-motion-effects-container > .elementor-motion-effects-layer::before{background-image:url(\"https:\/\/vadasmice.sk\/wp-content\/uploads\/2025\/10\/PROGRAMOK-aloldal-hero.jpg\");}<\/style>\t\t<div data-elementor-type=\"jet-listing-items\" data-elementor-id=\"875\" class=\"elementor elementor-875\" data-elementor-post-type=\"jet-engine\">\n\t\t\t\t<div class=\"elementor-element elementor-element-f97a6e8 e-flex e-con-boxed e-con e-parent\" data-id=\"f97a6e8\" data-element_type=\"container\" data-e-type=\"container\" data-settings=\"{&quot;background_background&quot;:&quot;classic&quot;}\">\n\t\t\t\t\t<div class=\"e-con-inner\">\n\t\t\t\t<div class=\"elementor-element elementor-element-f99c5d7 elementor-widget elementor-widget-text-editor\" data-id=\"f99c5d7\" data-element_type=\"widget\" data-e-type=\"widget\" data-widget_type=\"text-editor.default\">\n\t\t\t\t\t\t\t\t\tMal\u00e1 degust\u00e1cia v\u00edna vo vin\u00e1rstve Vil\u00e1gi\t\t\t\t\t\t\t\t<\/div>\n\t\t\t\t<div class=\"elementor-element elementor-element-9d8e248 elementor-align-center elementor-widget elementor-widget-button\" data-id=\"9d8e248\" data-element_type=\"widget\" data-e-type=\"widget\" data-widget_type=\"button.default\">\n\t\t\t\t\t\t\t\t\t\t<a class=\"elementor-button elementor-button-link elementor-size-sm elementor-animation-shrink\" href=\"https:\/\/vadasmice.sk\/hu\/?vadas-programy=degustacia-vina-vo-vinarstve-vilagi-winery\">\n\t\t\t\t\t\t<span class=\"elementor-button-content-wrapper\">\n\t\t\t\t\t\t\t\t\t<span class=\"elementor-button-text\">Viac inform\u00e1ci\u00ed <\/span>\n\t\t\t\t\t<\/span>\n\t\t\t\t\t<\/a>\n\t\t\t\t\t\t\t\t<\/div>\n\t\t\t\t\t<\/div>\n\t\t\t\t<\/div>\n\t\t\t\t<\/div>\n\t\t<\/div><\/div><\/div>\t\t\t\t<\/div>\n\t\t\t\t\t<\/div>\n\t\t\t\t<\/div>\n\t\t\t\t<\/div>\n\t\t","protected":false},"excerpt":{"rendered":"<p>Jedine\u010dn\u00e9 z\u00e1\u017eitkov\u00e9 programy v \u0160t\u00farove a okol\u00ed Z\u00e1\u017eitky, ktor\u00e9 sp\u00e1jaj\u00fa. Programy, ktor\u00e9 Vadas Thermal Resort pon\u00faka spolu so svojimi partnermi, v\u00e1s poz\u00fdvaj\u00fa na objavovanie, oddych a in\u0161pir\u00e1ciu \u2013 \u010di u\u017e ide o teambuilding, gastronomick\u00e9 dobrodru\u017estvo alebo int\u00edmnu degust\u00e1ciu v\u00edna. \u017dIADOS\u0164 O PONUKU Viac inform\u00e1ci\u00ed Viac inform\u00e1ci\u00ed Viac inform\u00e1ci\u00ed Viac inform\u00e1ci\u00ed Viac inform\u00e1ci\u00ed Viac inform\u00e1ci\u00ed<\/p>","protected":false},"author":4,"featured_media":0,"parent":0,"menu_order":0,"comment_status":"closed","ping_status":"closed","template":"","meta":{"footnotes":""},"class_list":["post-592","page","type-page","status-publish","hentry"],"_links":{"self":[{"href":"https:\/\/vadasmice.sk\/hu\/wp-json\/wp\/v2\/pages\/592","targetHints":{"allow":["GET"]}}],"collection":[{"href":"https:\/\/vadasmice.sk\/hu\/wp-json\/wp\/v2\/pages"}],"about":[{"href":"https:\/\/vadasmice.sk\/hu\/wp-json\/wp\/v2\/types\/page"}],"author":[{"embeddable":true,"href":"https:\/\/vadasmice.sk\/hu\/wp-json\/wp\/v2\/users\/4"}],"replies":[{"embeddable":true,"href":"https:\/\/vadasmice.sk\/hu\/wp-json\/wp\/v2\/comments?post=592"}],"version-history":[{"count":77,"href":"https:\/\/vadasmice.sk\/hu\/wp-json\/wp\/v2\/pages\/592\/revisions"}],"predecessor-version":[{"id":1575,"href":"https:\/\/vadasmice.sk\/hu\/wp-json\/wp\/v2\/pages\/592\/revisions\/1575"}],"wp:attachment":[{"href":"https:\/\/vadasmice.sk\/hu\/wp-json\/wp\/v2\/media?parent=592"}],"curies":[{"name":"wp","href":"https:\/\/api.w.org\/{rel}","templated":true}]}}